{"id":9994,"date":"2023-07-24T13:31:49","date_gmt":"2023-07-24T11:31:49","guid":{"rendered":"https:\/\/dom-polski.fr\/?post_type=product&#038;p=9994"},"modified":"2024-06-23T21:24:39","modified_gmt":"2024-06-23T19:24:39","slug":"puree-bacon-a-loignon-51-g-knorr","status":"publish","type":"product","link":"https:\/\/dom-polski.fr\/index.php\/product\/puree-bacon-a-loignon-51-g-knorr\/","title":{"rendered":"Pur\u00e9e bacon \u00e0 l&rsquo;oignon 51 g Knorr"},"content":{"rendered":"<p>Envie d&rsquo;un plat de pommes de terre rapide et d\u00e9licieux au go\u00fbt de bacon et d&rsquo;oignon ?\u00a0Essayez la pur\u00e9e de pommes de terre Knorr avec bacon et oignon.\u00a0Offrez-vous un plaisir gustatif et assouvissez votre faim en m\u00eame temps.<\/p>\n<p>Ingr\u00e9dients : Pommes de terre (57,7 %), huile de tournesol, lait \u00e9cr\u00e9m\u00e9 en poudre, lardons fum\u00e9s (5,1 %) (lardons, sel), oignon (4,8 %), lactose, sel iod\u00e9, sel min\u00e9ral de potassium, lardons fum\u00e9s (0,8 %) (graisse, sel), prot\u00e9ines de lait, ar\u00f4mes, extrait de levure, ciboulette (0,3 %), persil, ar\u00f4me de fum\u00e9e, sel, \u00e9mulsifiant : mono- et diglyc\u00e9rides d&rsquo;acides gras ; curcuma.<\/p>\n<p>Poids : 51 g<\/p>\n","protected":false},"excerpt":{"rendered":"<p>Envie d&rsquo;un plat de pommes de terre rapide et d\u00e9licieux au go\u00fbt de bacon et d&rsquo;oignon ?\u00a0Essayez la pur\u00e9e de pommes de terre Knorr avec bacon et oignon.\u00a0Offrez-vous un plaisir <a class=\"more-link\" href=\"https:\/\/dom-polski.fr\/index.php\/product\/puree-bacon-a-loignon-51-g-knorr\/\">Afficher la suite \u2192<\/a><\/p>\n","protected":false},"featured_media":9995,"comment_status":"open","ping_status":"closed","template":"","meta":{"spay_email":"","jetpack_publicize_message":"","jetpack_is_tweetstorm":false},"aioseo_notices":[],"jetpack_publicize_connections":[],"jetpack_likes_enabled":false,"_links":{"self":[{"href":"https:\/\/dom-polski.fr\/index.php\/wp-json\/wp\/v2\/product\/9994"}],"collection":[{"href":"https:\/\/dom-polski.fr\/index.php\/wp-json\/wp\/v2\/product"}],"about":[{"href":"https:\/\/dom-polski.fr\/index.php\/wp-json\/wp\/v2\/types\/product"}],"replies":[{"embeddable":true,"href":"https:\/\/dom-polski.fr\/index.php\/wp-json\/wp\/v2\/comments?post=9994"}],"wp:featuredmedia":[{"embeddable":true,"href":"https:\/\/dom-polski.fr\/index.php\/wp-json\/wp\/v2\/media\/9995"}],"wp:attachment":[{"href":"https:\/\/dom-polski.fr\/index.php\/wp-json\/wp\/v2\/media?parent=9994"}],"curies":[{"name":"wp","href":"https:\/\/api.w.org\/{rel}","templated":true}]}}