{"id":9988,"date":"2023-07-24T13:19:24","date_gmt":"2023-07-24T11:19:24","guid":{"rendered":"https:\/\/dom-polski.fr\/?post_type=product&#038;p=9988"},"modified":"2023-07-24T13:19:56","modified_gmt":"2023-07-24T11:19:56","slug":"plat-pates-4-fromages-66-g-knorr","status":"publish","type":"product","link":"https:\/\/dom-polski.fr\/index.php\/product\/plat-pates-4-fromages-66-g-knorr\/","title":{"rendered":"Plat p\u00e2tes 4 fromages 66 g Knorr"},"content":{"rendered":"<p>D\u00e9couvrez un tout nouveau go\u00fbt d&rsquo;un plat dans une tasse Knorr et laissez-vous emporter par le plaisir du fromage !\u00a0Knorr Pasta 4 Cheese est une combinaison parfaitement \u00e9quilibr\u00e9e de saveurs et d&rsquo;ar\u00f4mes de fromage.\u00a0Vous les connaissiez d\u00e9j\u00e0 gr\u00e2ce \u00e0 la pizza, et maintenant vous pouvez les pr\u00e9parer \u00e0 un rythme rapide, o\u00f9 que vous soyez.\u00a0Juste un peu d&rsquo;eau bouillante et seulement 5 minutes !\u00a0Knorr Pasta 4 Cheese est la variante la plus fromag\u00e8re d&rsquo;un plat pr\u00eat \u00e0 l&#8217;emploi dans une tasse Knorr qui vous ravira tout de suite!\u00a0La nouveaut\u00e9 de Knorr est \u00e9galement une source de fibres et une garantie d&rsquo;excellent go\u00fbt &#8211; essayez-le et sentez l&rsquo;amour du fromage d\u00e8s la premi\u00e8re&#8230; bouch\u00e9e !\u00a0Rapide et savoureux, alors laissez-vous tenter !<\/p>\n<p>Ingr\u00e9dients : P\u00e2tes alimentaires (61,3 %) (farine de semoule de BL\u00c9), farine de BL\u00c9, poudre de LAIT \u00e9cr\u00e9m\u00e9, amidon, fromage fondu (3,8 %) [dont fromage bleu, \u00e0 p\u00e2te dure, Crescenza ; pr\u00e9paration de lactos\u00e9rum (LAIT)], graisse de palme, fromage fondu (2 %) [dont fromage mozzarella ;\u00a0pr\u00e9paration de lactos\u00e9rum (LAIT)], poudre de FROMAGE cr\u00e9meux (0,9 %), ar\u00f4mes (dont LAIT), sel, fromage fondu (0,8 %) [dont FROMAGE BLEU, pr\u00e9paration de lactos\u00e9rum (LAIT)], sel min\u00e9ral de potassium, sel iod\u00e9, oignon, sirop de glucose, ail, poivre, curcuma, racine de persil, prot\u00e9ines de LAIT, ciboulette, extrait de levure. Peut contenir du c\u00e9leri, des \u0153ufs, de la moutarde, d&rsquo;autres c\u00e9r\u00e9ales contenant du gluten, du s\u00e9same et du soja.<\/p>\n<p>Poids : 66 g<\/p>\n","protected":false},"excerpt":{"rendered":"<p>D\u00e9couvrez un tout nouveau go\u00fbt d&rsquo;un plat dans une tasse Knorr et laissez-vous emporter par le plaisir du fromage !\u00a0Knorr Pasta 4 Cheese est une combinaison parfaitement \u00e9quilibr\u00e9e de saveurs <a class=\"more-link\" href=\"https:\/\/dom-polski.fr\/index.php\/product\/plat-pates-4-fromages-66-g-knorr\/\">Afficher la suite \u2192<\/a><\/p>\n","protected":false},"featured_media":9989,"comment_status":"open","ping_status":"closed","template":"","meta":{"spay_email":"","jetpack_publicize_message":"","jetpack_is_tweetstorm":false},"aioseo_notices":[],"jetpack_publicize_connections":[],"jetpack_likes_enabled":false,"_links":{"self":[{"href":"https:\/\/dom-polski.fr\/index.php\/wp-json\/wp\/v2\/product\/9988"}],"collection":[{"href":"https:\/\/dom-polski.fr\/index.php\/wp-json\/wp\/v2\/product"}],"about":[{"href":"https:\/\/dom-polski.fr\/index.php\/wp-json\/wp\/v2\/types\/product"}],"replies":[{"embeddable":true,"href":"https:\/\/dom-polski.fr\/index.php\/wp-json\/wp\/v2\/comments?post=9988"}],"wp:featuredmedia":[{"embeddable":true,"href":"https:\/\/dom-polski.fr\/index.php\/wp-json\/wp\/v2\/media\/9989"}],"wp:attachment":[{"href":"https:\/\/dom-polski.fr\/index.php\/wp-json\/wp\/v2\/media?parent=9988"}],"curies":[{"name":"wp","href":"https:\/\/api.w.org\/{rel}","templated":true}]}}