{"id":9984,"date":"2023-07-24T13:01:52","date_gmt":"2023-07-24T11:01:52","guid":{"rendered":"https:\/\/dom-polski.fr\/?post_type=product&#038;p=9984"},"modified":"2025-12-25T21:41:11","modified_gmt":"2025-12-25T20:41:11","slug":"cafe-au-saveur-caramel-200-g-inka","status":"publish","type":"product","link":"https:\/\/dom-polski.fr\/index.php\/product\/cafe-au-saveur-caramel-200-g-inka\/","title":{"rendered":"Caf\u00e9 au saveur caramel 200 g Inka"},"content":{"rendered":"<p>Bien s\u00fbr, chaque tasse d&rsquo;Inka Caramel est si savoureuse !\u00a0Sa recette originale est bas\u00e9e sur l&rsquo;alliance parfaite du go\u00fbt du caf\u00e9 de grain polonais Inka et d&rsquo;une note de d\u00e9licieux caramel.\u00a0Et vous pourrez profiter du plaisir qu&rsquo;il vous procure \u00e0 toute heure du jour ou m\u00eame de la nuit.\u00a0Inka Karmelowa peut \u00e9galement \u00eatre consomm\u00e9e par les enfants \u00e0 partir de 3 ans, les femmes enceintes et allaitantes.\u00a0C&rsquo;est pourquoi c&rsquo;est si bon pour vous et votre famille.<\/p>\n<p>Ingr\u00e9dients : Caf\u00e9 aux c\u00e9r\u00e9ales instantan\u00e9es Inka 68 % (c\u00e9r\u00e9ales 93 % (orge, seigle), chicor\u00e9e, betterave \u00e0 sucre &#8211; torr\u00e9fi\u00e9e), sucre, caramel (sucre caram\u00e9lis\u00e9) 2 %, ar\u00f4me.<\/p>\n","protected":false},"excerpt":{"rendered":"<p>Bien s\u00fbr, chaque tasse d&rsquo;Inka Caramel est si savoureuse !\u00a0Sa recette originale est bas\u00e9e sur l&rsquo;alliance parfaite du go\u00fbt du caf\u00e9 de grain polonais Inka et d&rsquo;une note de d\u00e9licieux <a class=\"more-link\" href=\"https:\/\/dom-polski.fr\/index.php\/product\/cafe-au-saveur-caramel-200-g-inka\/\">Afficher la suite \u2192<\/a><\/p>\n","protected":false},"featured_media":9985,"comment_status":"open","ping_status":"closed","template":"","meta":{"spay_email":"","jetpack_publicize_message":"","jetpack_is_tweetstorm":false},"aioseo_notices":[],"jetpack_publicize_connections":[],"jetpack_likes_enabled":false,"_links":{"self":[{"href":"https:\/\/dom-polski.fr\/index.php\/wp-json\/wp\/v2\/product\/9984"}],"collection":[{"href":"https:\/\/dom-polski.fr\/index.php\/wp-json\/wp\/v2\/product"}],"about":[{"href":"https:\/\/dom-polski.fr\/index.php\/wp-json\/wp\/v2\/types\/product"}],"replies":[{"embeddable":true,"href":"https:\/\/dom-polski.fr\/index.php\/wp-json\/wp\/v2\/comments?post=9984"}],"wp:featuredmedia":[{"embeddable":true,"href":"https:\/\/dom-polski.fr\/index.php\/wp-json\/wp\/v2\/media\/9985"}],"wp:attachment":[{"href":"https:\/\/dom-polski.fr\/index.php\/wp-json\/wp\/v2\/media?parent=9984"}],"curies":[{"name":"wp","href":"https:\/\/api.w.org\/{rel}","templated":true}]}}