{"id":9980,"date":"2023-07-24T12:33:05","date_gmt":"2023-07-24T10:33:05","guid":{"rendered":"https:\/\/dom-polski.fr\/?post_type=product&#038;p=9980"},"modified":"2024-06-17T08:54:34","modified_gmt":"2024-06-17T06:54:34","slug":"the-aux-fruits-bleuets-20-sachets-x-2-3g-46-g-herbapol","status":"publish","type":"product","link":"https:\/\/dom-polski.fr\/index.php\/product\/the-aux-fruits-bleuets-20-sachets-x-2-3g-46-g-herbapol\/","title":{"rendered":"Th\u00e9 aux fruits bleuets (20 sachets x 2.3g) 46 g Herbapol"},"content":{"rendered":"<p>Une combinaison inhabituelle de fleurs et de fruits sont nos nouveaux th\u00e9s, qui ont \u00e9t\u00e9 cr\u00e9\u00e9s sur la base de l&rsquo;inspiration de la nature.\u00a0Les fruits savoureux et les fleurs de bleuet rendent le th\u00e9 rafra\u00eechissant.\u00a0Des ingr\u00e9dients 100% naturels, sp\u00e9cialement s\u00e9lectionn\u00e9s et soigneusement contr\u00f4l\u00e9s, ont \u00e9t\u00e9 utilis\u00e9s dans sa fabrication.\u00a0Tout cela pour assurer non seulement le plaisir, mais aussi la plus haute qualit\u00e9.\u00a0Chaque th\u00e9 est emball\u00e9 dans des sachets transparents, \u00e0 travers lesquels vous verrez de gros morceaux de fruits, gr\u00e2ce auxquels la boisson est exceptionnellement savoureuse et aromatique.\u00a0Le sac est fabriqu\u00e9 en mat\u00e9riau biod\u00e9gradable et compostable dans des conditions industrielles.\u00a0Le th\u00e9 aux fruits avec des fleurs ne contient pas de th\u00e9ine, il peut donc \u00eatre bu en n&rsquo;importe quelle quantit\u00e9 \u00e0 tout moment de la journ\u00e9e.\u00a0C&rsquo;est la boisson parfaite pour tous les membres de la famille.<\/p>\n<p>Ingr\u00e9dients : Fleur d&rsquo;hibiscus, pomme, fruit d&rsquo;aronia, ar\u00f4me naturel, fruit d&rsquo;\u00e9glantier, p\u00e9tales de bleuet (0,8 %), fruit de myrtille (0,3 %). Le produit ne contient que des ingr\u00e9dients naturels.<\/p>\n<p>Poids : 46 g<\/p>\n","protected":false},"excerpt":{"rendered":"<p>Une combinaison inhabituelle de fleurs et de fruits sont nos nouveaux th\u00e9s, qui ont \u00e9t\u00e9 cr\u00e9\u00e9s sur la base de l&rsquo;inspiration de la nature.\u00a0Les fruits savoureux et les fleurs de <a class=\"more-link\" href=\"https:\/\/dom-polski.fr\/index.php\/product\/the-aux-fruits-bleuets-20-sachets-x-2-3g-46-g-herbapol\/\">Afficher la suite \u2192<\/a><\/p>\n","protected":false},"featured_media":9981,"comment_status":"open","ping_status":"closed","template":"","meta":{"spay_email":"","jetpack_publicize_message":"","jetpack_is_tweetstorm":false},"aioseo_notices":[],"jetpack_publicize_connections":[],"jetpack_likes_enabled":false,"_links":{"self":[{"href":"https:\/\/dom-polski.fr\/index.php\/wp-json\/wp\/v2\/product\/9980"}],"collection":[{"href":"https:\/\/dom-polski.fr\/index.php\/wp-json\/wp\/v2\/product"}],"about":[{"href":"https:\/\/dom-polski.fr\/index.php\/wp-json\/wp\/v2\/types\/product"}],"replies":[{"embeddable":true,"href":"https:\/\/dom-polski.fr\/index.php\/wp-json\/wp\/v2\/comments?post=9980"}],"wp:featuredmedia":[{"embeddable":true,"href":"https:\/\/dom-polski.fr\/index.php\/wp-json\/wp\/v2\/media\/9981"}],"wp:attachment":[{"href":"https:\/\/dom-polski.fr\/index.php\/wp-json\/wp\/v2\/media?parent=9980"}],"curies":[{"name":"wp","href":"https:\/\/api.w.org\/{rel}","templated":true}]}}