{"id":9976,"date":"2023-07-24T12:07:55","date_gmt":"2023-07-24T10:07:55","guid":{"rendered":"https:\/\/dom-polski.fr\/?post_type=product&#038;p=9976"},"modified":"2023-07-24T12:08:17","modified_gmt":"2023-07-24T10:08:17","slug":"boisson-instantanee-saveur-fruits-des-bois-300-g-ekland","status":"publish","type":"product","link":"https:\/\/dom-polski.fr\/index.php\/product\/boisson-instantanee-saveur-fruits-des-bois-300-g-ekland\/","title":{"rendered":"Boisson instantan\u00e9e saveur fruits des bois 300 g Ekland"},"content":{"rendered":"<p>Ingr\u00e9dients : Sucre, glucose, sucre de canne (10 %), correcteur d&rsquo;acidit\u00e9 &#8211; acide citrique, extrait de th\u00e9 noir (0,5 %), jus multifruit (0,2 %) reconstitu\u00e9 \u00e0 partir de jus multifruit s\u00e9ch\u00e9, extrait d&rsquo;hibiscus, ar\u00f4me, vitamine C.<\/p>\n","protected":false},"excerpt":{"rendered":"<p>Ingr\u00e9dients : Sucre, glucose, sucre de canne (10 %), correcteur d&rsquo;acidit\u00e9 &#8211; acide citrique, extrait de th\u00e9 noir (0,5 %), jus multifruit (0,2 %) reconstitu\u00e9 \u00e0 partir de jus multifruit <a class=\"more-link\" href=\"https:\/\/dom-polski.fr\/index.php\/product\/boisson-instantanee-saveur-fruits-des-bois-300-g-ekland\/\">Afficher la suite \u2192<\/a><\/p>\n","protected":false},"featured_media":9977,"comment_status":"open","ping_status":"closed","template":"","meta":{"spay_email":"","jetpack_publicize_message":"","jetpack_is_tweetstorm":false},"aioseo_notices":[],"jetpack_publicize_connections":[],"jetpack_likes_enabled":false,"_links":{"self":[{"href":"https:\/\/dom-polski.fr\/index.php\/wp-json\/wp\/v2\/product\/9976"}],"collection":[{"href":"https:\/\/dom-polski.fr\/index.php\/wp-json\/wp\/v2\/product"}],"about":[{"href":"https:\/\/dom-polski.fr\/index.php\/wp-json\/wp\/v2\/types\/product"}],"replies":[{"embeddable":true,"href":"https:\/\/dom-polski.fr\/index.php\/wp-json\/wp\/v2\/comments?post=9976"}],"wp:featuredmedia":[{"embeddable":true,"href":"https:\/\/dom-polski.fr\/index.php\/wp-json\/wp\/v2\/media\/9977"}],"wp:attachment":[{"href":"https:\/\/dom-polski.fr\/index.php\/wp-json\/wp\/v2\/media?parent=9976"}],"curies":[{"name":"wp","href":"https:\/\/api.w.org\/{rel}","templated":true}]}}