{"id":9972,"date":"2023-07-24T12:02:30","date_gmt":"2023-07-24T10:02:30","guid":{"rendered":"https:\/\/dom-polski.fr\/?post_type=product&#038;p=9972"},"modified":"2023-07-24T12:02:46","modified_gmt":"2023-07-24T10:02:46","slug":"boisson-instantanee-saveur-citron-300-g-ekland","status":"publish","type":"product","link":"https:\/\/dom-polski.fr\/index.php\/product\/boisson-instantanee-saveur-citron-300-g-ekland\/","title":{"rendered":"Boisson instantan\u00e9e saveur citron 300 g Ekland"},"content":{"rendered":"<p>Vitamine C pour : Immunit\u00e9 &#8211; aide au bon fonctionnement du syst\u00e8me immunitaire Relaxation &#8211; aide au bon fonctionnement du syst\u00e8me nerveux Calme &#8211; contribue \u00e0 la r\u00e9duction de la fatigue et de l&rsquo;\u00e9puisement Une boisson au th\u00e9 unique au go\u00fbt intense de citron juteux.\u00a0Ekland est la combinaison parfaite de th\u00e9 noir et de citron, qui vous rafra\u00eechit pendant les journ\u00e9es chaudes et soulage vos sens glac\u00e9s pendant un automne froid.\u00a0Vous pouvez le d\u00e9guster comme vous le souhaitez, chaud ou froid.\u00a0\u00c0 partir d&rsquo;un seul emballage, vous pouvez pr\u00e9parer pr\u00e8s de 4 litres de boisson &#8211; une v\u00e9ritable saveur de fruits.<\/p>\n<p>Ingr\u00e9dients : Sucre, glucose, sucre de canne (10 %), correcteur d&rsquo;acidit\u00e9 &#8211; acide citrique, extrait de th\u00e9 noir (0,5 %), jus de citron (0,4 %) reconstitu\u00e9 \u00e0 partir de jus de citron s\u00e9ch\u00e9, ar\u00f4me, vitamine C.<\/p>\n<p>Poids net : 300 g<\/p>\n","protected":false},"excerpt":{"rendered":"<p>Vitamine C pour : Immunit\u00e9 &#8211; aide au bon fonctionnement du syst\u00e8me immunitaire Relaxation &#8211; aide au bon fonctionnement du syst\u00e8me nerveux Calme &#8211; contribue \u00e0 la r\u00e9duction de la <a class=\"more-link\" href=\"https:\/\/dom-polski.fr\/index.php\/product\/boisson-instantanee-saveur-citron-300-g-ekland\/\">Afficher la suite \u2192<\/a><\/p>\n","protected":false},"featured_media":9973,"comment_status":"open","ping_status":"closed","template":"","meta":{"spay_email":"","jetpack_publicize_message":"","jetpack_is_tweetstorm":false},"aioseo_notices":[],"jetpack_publicize_connections":[],"jetpack_likes_enabled":false,"_links":{"self":[{"href":"https:\/\/dom-polski.fr\/index.php\/wp-json\/wp\/v2\/product\/9972"}],"collection":[{"href":"https:\/\/dom-polski.fr\/index.php\/wp-json\/wp\/v2\/product"}],"about":[{"href":"https:\/\/dom-polski.fr\/index.php\/wp-json\/wp\/v2\/types\/product"}],"replies":[{"embeddable":true,"href":"https:\/\/dom-polski.fr\/index.php\/wp-json\/wp\/v2\/comments?post=9972"}],"wp:featuredmedia":[{"embeddable":true,"href":"https:\/\/dom-polski.fr\/index.php\/wp-json\/wp\/v2\/media\/9973"}],"wp:attachment":[{"href":"https:\/\/dom-polski.fr\/index.php\/wp-json\/wp\/v2\/media?parent=9972"}],"curies":[{"name":"wp","href":"https:\/\/api.w.org\/{rel}","templated":true}]}}