{"id":9970,"date":"2023-07-24T11:57:45","date_gmt":"2023-07-24T09:57:45","guid":{"rendered":"https:\/\/dom-polski.fr\/?post_type=product&#038;p=9970"},"modified":"2024-09-10T20:41:03","modified_gmt":"2024-09-10T18:41:03","slug":"guimauve-individuelle-a-la-vanille-26-g-wedel","status":"publish","type":"product","link":"https:\/\/dom-polski.fr\/index.php\/product\/guimauve-individuelle-a-la-vanille-26-g-wedel\/","title":{"rendered":"Guimauve individuelle \u00e0 la vanille 26 g Wedel"},"content":{"rendered":"<p>Ingr\u00e9dients : Chocolat noir 2 7% (sucre, p\u00e2te de cacao, beurre de cacao, mati\u00e8re grasse du lait, \u00e9mulsifiants : l\u00e9cithines de soja et E 476, ar\u00f4me), sucre, sirop de glucose, beurre, lait concentr\u00e9 sucr\u00e9, solution de sucre inverti, blanc d&rsquo;\u0153uf en poudre, g\u00e9lifiant (agar), correcteur d&rsquo;acidit\u00e9 (acide citrique), conservateur (E202), ar\u00f4me, ar\u00f4me naturel de vanille. Chocolat noir : mati\u00e8re s\u00e8che de cacao minimum 47 %.\u00a0Peut contenir des cacahu\u00e8tes, des fruits \u00e0 coque, des c\u00e9r\u00e9ales (gluten).<\/p>\n<p>Poids : 26 g<\/p>\n","protected":false},"excerpt":{"rendered":"<p>Ingr\u00e9dients : Chocolat noir 2 7% (sucre, p\u00e2te de cacao, beurre de cacao, mati\u00e8re grasse du lait, \u00e9mulsifiants : l\u00e9cithines de soja et E 476, ar\u00f4me), sucre, sirop de glucose, <a class=\"more-link\" href=\"https:\/\/dom-polski.fr\/index.php\/product\/guimauve-individuelle-a-la-vanille-26-g-wedel\/\">Afficher la suite \u2192<\/a><\/p>\n","protected":false},"featured_media":9971,"comment_status":"open","ping_status":"closed","template":"","meta":{"spay_email":"","jetpack_publicize_message":"","jetpack_is_tweetstorm":false},"aioseo_notices":[],"jetpack_publicize_connections":[],"jetpack_likes_enabled":false,"_links":{"self":[{"href":"https:\/\/dom-polski.fr\/index.php\/wp-json\/wp\/v2\/product\/9970"}],"collection":[{"href":"https:\/\/dom-polski.fr\/index.php\/wp-json\/wp\/v2\/product"}],"about":[{"href":"https:\/\/dom-polski.fr\/index.php\/wp-json\/wp\/v2\/types\/product"}],"replies":[{"embeddable":true,"href":"https:\/\/dom-polski.fr\/index.php\/wp-json\/wp\/v2\/comments?post=9970"}],"wp:featuredmedia":[{"embeddable":true,"href":"https:\/\/dom-polski.fr\/index.php\/wp-json\/wp\/v2\/media\/9971"}],"wp:attachment":[{"href":"https:\/\/dom-polski.fr\/index.php\/wp-json\/wp\/v2\/media?parent=9970"}],"curies":[{"name":"wp","href":"https:\/\/api.w.org\/{rel}","templated":true}]}}