{"id":9963,"date":"2023-07-24T11:40:08","date_gmt":"2023-07-24T09:40:08","guid":{"rendered":"https:\/\/dom-polski.fr\/?post_type=product&#038;p=9963"},"modified":"2024-08-12T22:39:35","modified_gmt":"2024-08-12T20:39:35","slug":"chalwa-au-chocolat-e-wedel-250-g","status":"publish","type":"product","link":"https:\/\/dom-polski.fr\/index.php\/product\/chalwa-au-chocolat-e-wedel-250-g\/","title":{"rendered":"Cha\u0142wa au chocolat E. Wedel 250 g"},"content":{"rendered":"<p>Ingr\u00e9dients : Pulpe de s\u00e9same (46 %), sirop de glucose, sucre, raisins secs (5 %), cacahu\u00e8tes (5 %), graisse v\u00e9g\u00e9tale (palme), cacao maigre (0,6 %), sel, blanc d&rsquo;\u0153uf en poudre, ar\u00f4me. Peut contenir des fruits \u00e0 coque, du soja.<\/p>\n<p>Poids : 250 g<\/p>\n","protected":false},"excerpt":{"rendered":"<p>Ingr\u00e9dients : Pulpe de s\u00e9same (46 %), sirop de glucose, sucre, raisins secs (5 %), cacahu\u00e8tes (5 %), graisse v\u00e9g\u00e9tale (palme), cacao maigre (0,6 %), sel, blanc d&rsquo;\u0153uf en poudre, <a class=\"more-link\" href=\"https:\/\/dom-polski.fr\/index.php\/product\/chalwa-au-chocolat-e-wedel-250-g\/\">Afficher la suite \u2192<\/a><\/p>\n","protected":false},"featured_media":9964,"comment_status":"open","ping_status":"closed","template":"","meta":{"spay_email":"","jetpack_publicize_message":"","jetpack_is_tweetstorm":false},"aioseo_notices":[],"jetpack_publicize_connections":[],"jetpack_likes_enabled":false,"_links":{"self":[{"href":"https:\/\/dom-polski.fr\/index.php\/wp-json\/wp\/v2\/product\/9963"}],"collection":[{"href":"https:\/\/dom-polski.fr\/index.php\/wp-json\/wp\/v2\/product"}],"about":[{"href":"https:\/\/dom-polski.fr\/index.php\/wp-json\/wp\/v2\/types\/product"}],"replies":[{"embeddable":true,"href":"https:\/\/dom-polski.fr\/index.php\/wp-json\/wp\/v2\/comments?post=9963"}],"wp:featuredmedia":[{"embeddable":true,"href":"https:\/\/dom-polski.fr\/index.php\/wp-json\/wp\/v2\/media\/9964"}],"wp:attachment":[{"href":"https:\/\/dom-polski.fr\/index.php\/wp-json\/wp\/v2\/media?parent=9963"}],"curies":[{"name":"wp","href":"https:\/\/api.w.org\/{rel}","templated":true}]}}