{"id":9955,"date":"2023-07-24T10:50:04","date_gmt":"2023-07-24T08:50:04","guid":{"rendered":"https:\/\/dom-polski.fr\/?post_type=product&#038;p=9955"},"modified":"2023-07-24T10:52:41","modified_gmt":"2023-07-24T08:52:41","slug":"gateau-au-chocolat-264-g-dr-oetker","status":"publish","type":"product","link":"https:\/\/dom-polski.fr\/index.php\/product\/gateau-au-chocolat-264-g-dr-oetker\/","title":{"rendered":"G\u00e2teau au chocolat 264 g Dr Oetker"},"content":{"rendered":"<p>Ingr\u00e9dients : Sucre, farine de bl\u00e9 7,50 %, flocons de chocolat, amidon de bl\u00e9, cacao d\u00e9graiss\u00e9, g\u00e9latine poudres \u00e0 lever (diphosphates, carbonade de sodium), chocolat en poudre ar\u00f4mes, amidon modifi\u00e9 (contient du LACTOISE).<\/p>\n<p>Poids : 264 g<\/p>\n","protected":false},"excerpt":{"rendered":"<p>Ingr\u00e9dients : Sucre, farine de bl\u00e9 7,50 %, flocons de chocolat, amidon de bl\u00e9, cacao d\u00e9graiss\u00e9, g\u00e9latine poudres \u00e0 lever (diphosphates, carbonade de sodium), chocolat en poudre ar\u00f4mes, amidon modifi\u00e9 <a class=\"more-link\" href=\"https:\/\/dom-polski.fr\/index.php\/product\/gateau-au-chocolat-264-g-dr-oetker\/\">Afficher la suite \u2192<\/a><\/p>\n","protected":false},"featured_media":9956,"comment_status":"open","ping_status":"closed","template":"","meta":{"spay_email":"","jetpack_publicize_message":"","jetpack_is_tweetstorm":false},"aioseo_notices":[],"jetpack_publicize_connections":[],"jetpack_likes_enabled":false,"_links":{"self":[{"href":"https:\/\/dom-polski.fr\/index.php\/wp-json\/wp\/v2\/product\/9955"}],"collection":[{"href":"https:\/\/dom-polski.fr\/index.php\/wp-json\/wp\/v2\/product"}],"about":[{"href":"https:\/\/dom-polski.fr\/index.php\/wp-json\/wp\/v2\/types\/product"}],"replies":[{"embeddable":true,"href":"https:\/\/dom-polski.fr\/index.php\/wp-json\/wp\/v2\/comments?post=9955"}],"wp:featuredmedia":[{"embeddable":true,"href":"https:\/\/dom-polski.fr\/index.php\/wp-json\/wp\/v2\/media\/9956"}],"wp:attachment":[{"href":"https:\/\/dom-polski.fr\/index.php\/wp-json\/wp\/v2\/media?parent=9955"}],"curies":[{"name":"wp","href":"https:\/\/api.w.org\/{rel}","templated":true}]}}