{"id":9936,"date":"2023-07-24T09:45:29","date_gmt":"2023-07-24T07:45:29","guid":{"rendered":"https:\/\/dom-polski.fr\/?post_type=product&#038;p=9936"},"modified":"2025-10-16T11:57:35","modified_gmt":"2025-10-16T09:57:35","slug":"ensemble-de-3-pots-a-fleurs-lowicz-blanc","status":"publish","type":"product","link":"https:\/\/dom-polski.fr\/index.php\/product\/ensemble-de-3-pots-a-fleurs-lowicz-blanc\/","title":{"rendered":"Ensemble de 3 pots \u00e0 fleurs Lowicz blanc"},"content":{"rendered":"<p>Diam\u00e8tre :<br \/>\nGrand mod\u00e8le : 13 cm<br \/>\nMoyen mod\u00e8le : 10 cm<br \/>\nPetit mod\u00e8le : 8 cm<\/p>\n<p>Hauteur :<br \/>\nGrand mod\u00e8le : 11.50 cm<br \/>\nMoyen mod\u00e8le : 8 cm<br \/>\nPetit mod\u00e8le : 10 cm<\/p>\n<p>Mod\u00e8le : Lowicz blanc<\/p>\n","protected":false},"excerpt":{"rendered":"<p>Diam\u00e8tre : Grand mod\u00e8le : 13 cm Moyen mod\u00e8le : 10 cm Petit mod\u00e8le : 8 cm Hauteur : Grand mod\u00e8le : 11.50 cm Moyen mod\u00e8le : 8 cm Petit <a class=\"more-link\" href=\"https:\/\/dom-polski.fr\/index.php\/product\/ensemble-de-3-pots-a-fleurs-lowicz-blanc\/\">Afficher la suite \u2192<\/a><\/p>\n","protected":false},"featured_media":9938,"comment_status":"open","ping_status":"closed","template":"","meta":{"spay_email":"","jetpack_publicize_message":"","jetpack_is_tweetstorm":false},"aioseo_notices":[],"jetpack_publicize_connections":[],"jetpack_likes_enabled":false,"_links":{"self":[{"href":"https:\/\/dom-polski.fr\/index.php\/wp-json\/wp\/v2\/product\/9936"}],"collection":[{"href":"https:\/\/dom-polski.fr\/index.php\/wp-json\/wp\/v2\/product"}],"about":[{"href":"https:\/\/dom-polski.fr\/index.php\/wp-json\/wp\/v2\/types\/product"}],"replies":[{"embeddable":true,"href":"https:\/\/dom-polski.fr\/index.php\/wp-json\/wp\/v2\/comments?post=9936"}],"wp:featuredmedia":[{"embeddable":true,"href":"https:\/\/dom-polski.fr\/index.php\/wp-json\/wp\/v2\/media\/9938"}],"wp:attachment":[{"href":"https:\/\/dom-polski.fr\/index.php\/wp-json\/wp\/v2\/media?parent=9936"}],"curies":[{"name":"wp","href":"https:\/\/api.w.org\/{rel}","templated":true}]}}