{"id":9841,"date":"2023-05-18T16:43:39","date_gmt":"2023-05-18T14:43:39","guid":{"rendered":"https:\/\/dom-polski.fr\/?post_type=product&#038;p=9841"},"modified":"2023-12-02T09:41:43","modified_gmt":"2023-12-02T08:41:43","slug":"liqueur-de-cafe-25-soplica-500ml","status":"publish","type":"product","link":"https:\/\/dom-polski.fr\/index.php\/product\/liqueur-de-cafe-25-soplica-500ml\/","title":{"rendered":"Liqueur de caf\u00e9 25 % Soplica 500ml"},"content":{"rendered":"<p>La teinture est un extrait alcoolique de fruits, de racines, de fleurs ou d&rsquo;herbes. C&rsquo;est g\u00e9nial et c&rsquo;est une fa\u00e7on de garder plus longtemps le go\u00fbt de l&rsquo;\u00e9t\u00e9. Cependant, la teinture n&rsquo;est pas une boisson alcoolis\u00e9e typique &#8211; elle n&rsquo;est g\u00e9n\u00e9ralement pas servie lors de f\u00eates, elle est principalement consomm\u00e9e pour des raisons de sant\u00e9 ou si vous avez des probl\u00e8mes de sommeil.<\/p>\n<p>L&rsquo;abus d&rsquo;alcool est dangereux pour la sant\u00e9. A consommer avec mod\u00e9ration.<\/p>\n","protected":false},"excerpt":{"rendered":"<p>La teinture est un extrait alcoolique de fruits, de racines, de fleurs ou d&rsquo;herbes. C&rsquo;est g\u00e9nial et c&rsquo;est une fa\u00e7on de garder plus longtemps le go\u00fbt de l&rsquo;\u00e9t\u00e9. Cependant, la <a class=\"more-link\" href=\"https:\/\/dom-polski.fr\/index.php\/product\/liqueur-de-cafe-25-soplica-500ml\/\">Afficher la suite \u2192<\/a><\/p>\n","protected":false},"featured_media":9842,"comment_status":"open","ping_status":"closed","template":"","meta":{"spay_email":"","jetpack_publicize_message":"","jetpack_is_tweetstorm":false},"aioseo_notices":[],"jetpack_publicize_connections":[],"jetpack_likes_enabled":false,"_links":{"self":[{"href":"https:\/\/dom-polski.fr\/index.php\/wp-json\/wp\/v2\/product\/9841"}],"collection":[{"href":"https:\/\/dom-polski.fr\/index.php\/wp-json\/wp\/v2\/product"}],"about":[{"href":"https:\/\/dom-polski.fr\/index.php\/wp-json\/wp\/v2\/types\/product"}],"replies":[{"embeddable":true,"href":"https:\/\/dom-polski.fr\/index.php\/wp-json\/wp\/v2\/comments?post=9841"}],"wp:featuredmedia":[{"embeddable":true,"href":"https:\/\/dom-polski.fr\/index.php\/wp-json\/wp\/v2\/media\/9842"}],"wp:attachment":[{"href":"https:\/\/dom-polski.fr\/index.php\/wp-json\/wp\/v2\/media?parent=9841"}],"curies":[{"name":"wp","href":"https:\/\/api.w.org\/{rel}","templated":true}]}}