{"id":9749,"date":"2023-02-01T13:05:13","date_gmt":"2023-02-01T12:05:13","guid":{"rendered":"https:\/\/dom-polski.fr\/?post_type=product&#038;p=9749"},"modified":"2024-11-24T13:44:16","modified_gmt":"2024-11-24T12:44:16","slug":"pralines-du-coeur-e-wedel-117-gr","status":"publish","type":"product","link":"https:\/\/dom-polski.fr\/index.php\/product\/pralines-du-coeur-e-wedel-117-gr\/","title":{"rendered":"Pralines du c\u0153ur E. Wedel 117 gr"},"content":{"rendered":"<p>Ingr\u00e9dients : Chocolat au lait 52 % (sucre, beurre de cacao, lait entier en poudre, liqueur de cacao, lactos\u00e9rum en poudre (\u00e0 partir de lait), mati\u00e8re grasse du lait, \u00e9mulsifiants : l\u00e9cithines de soja et E476, ar\u00f4me), p\u00e2te de caramel (lait concentr\u00e9 \u00e9cr\u00e9m\u00e9 sucr\u00e9, sirop de glucose-fructose, sirop de sucre inverti, graisse v\u00e9g\u00e9tale (palme), sucre, humectant: glyc\u00e9rol, mati\u00e8re grasse du lait, sel, g\u00e9lifiant: carragh\u00e9nane, conservateur : sorbate de potassium, ar\u00f4me), sucre, mati\u00e8res grasses v\u00e9g\u00e9tales (palme), lait entier en poudre (3,2 %), lactos\u00e9rum en poudre (de lait), flocons de caramel 1,9 % (sucre, sirop de glucose), \u00e9mulsifiant (l\u00e9cithines de soja). Chocolat au lait: masse de cacao minimum 29 %, masse de lait minimum 14 %. Peut contenir des arachides, des noix, des c\u00e9r\u00e9ales (gluten), des \u0153ufs.<\/p>\n<p>Allerg\u00e8nes :<br \/>\nContient : Lait et produits d\u00e9riv\u00e9s, soja et produits d\u00e9riv\u00e9s.<br \/>\nPeur contenir : Noix, c\u00e9r\u00e9ales contenant du gluten, \u0153ufs et produits d\u00e9riv\u00e9s<\/p>\n","protected":false},"excerpt":{"rendered":"<p>Ingr\u00e9dients : Chocolat au lait 52 % (sucre, beurre de cacao, lait entier en poudre, liqueur de cacao, lactos\u00e9rum en poudre (\u00e0 partir de lait), mati\u00e8re grasse du lait, \u00e9mulsifiants <a class=\"more-link\" href=\"https:\/\/dom-polski.fr\/index.php\/product\/pralines-du-coeur-e-wedel-117-gr\/\">Afficher la suite \u2192<\/a><\/p>\n","protected":false},"featured_media":9750,"comment_status":"open","ping_status":"closed","template":"","meta":{"spay_email":"","jetpack_publicize_message":"","jetpack_is_tweetstorm":false},"aioseo_notices":[],"jetpack_publicize_connections":[],"jetpack_likes_enabled":false,"_links":{"self":[{"href":"https:\/\/dom-polski.fr\/index.php\/wp-json\/wp\/v2\/product\/9749"}],"collection":[{"href":"https:\/\/dom-polski.fr\/index.php\/wp-json\/wp\/v2\/product"}],"about":[{"href":"https:\/\/dom-polski.fr\/index.php\/wp-json\/wp\/v2\/types\/product"}],"replies":[{"embeddable":true,"href":"https:\/\/dom-polski.fr\/index.php\/wp-json\/wp\/v2\/comments?post=9749"}],"wp:featuredmedia":[{"embeddable":true,"href":"https:\/\/dom-polski.fr\/index.php\/wp-json\/wp\/v2\/media\/9750"}],"wp:attachment":[{"href":"https:\/\/dom-polski.fr\/index.php\/wp-json\/wp\/v2\/media?parent=9749"}],"curies":[{"name":"wp","href":"https:\/\/api.w.org\/{rel}","templated":true}]}}