{"id":9735,"date":"2023-01-30T15:35:46","date_gmt":"2023-01-30T14:35:46","guid":{"rendered":"https:\/\/dom-polski.fr\/?post_type=product&#038;p=9735"},"modified":"2023-08-13T17:55:39","modified_gmt":"2023-08-13T15:55:39","slug":"burger-saveur-de-fruits-trolli-party-60-pieces-600-g","status":"publish","type":"product","link":"https:\/\/dom-polski.fr\/index.php\/product\/burger-saveur-de-fruits-trolli-party-60-pieces-600-g\/","title":{"rendered":"Burger saveur de fruits Trolli Party 60 pi\u00e8ces 600 g"},"content":{"rendered":"<p>Ingr\u00e9dients : Sirop de glucose; du sucre;\u00a0g\u00e9latine alimentaire;\u00a0<span class=\"goog-text-highlight\">acides : acide citrique, acide lactique ;\u00a0<\/span>g\u00e9lifiant : pectines ; aliments aux propri\u00e9t\u00e9s colorantes (cassis, carotte noire, curcuma, carthame, radis rouge, raisin rouge, cerise, citron, spiruline) ; ar\u00f4mes ; agents d&rsquo;enrobage : cire d&rsquo;abeille, blanche et jaune ; cire de carnauba.<br \/>\nPoids : 600 g<\/p>\n","protected":false},"excerpt":{"rendered":"<p>D\u00e9licieux bonbons g\u00e9lifi\u00e9s en forme de burger aromatis\u00e9s aux fruits <a class=\"more-link\" href=\"https:\/\/dom-polski.fr\/index.php\/product\/burger-saveur-de-fruits-trolli-party-60-pieces-600-g\/\">Afficher la suite \u2192<\/a><\/p>\n","protected":false},"featured_media":9736,"comment_status":"open","ping_status":"closed","template":"","meta":{"spay_email":"","jetpack_publicize_message":"","jetpack_is_tweetstorm":false},"aioseo_notices":[],"jetpack_publicize_connections":[],"jetpack_likes_enabled":false,"_links":{"self":[{"href":"https:\/\/dom-polski.fr\/index.php\/wp-json\/wp\/v2\/product\/9735"}],"collection":[{"href":"https:\/\/dom-polski.fr\/index.php\/wp-json\/wp\/v2\/product"}],"about":[{"href":"https:\/\/dom-polski.fr\/index.php\/wp-json\/wp\/v2\/types\/product"}],"replies":[{"embeddable":true,"href":"https:\/\/dom-polski.fr\/index.php\/wp-json\/wp\/v2\/comments?post=9735"}],"wp:featuredmedia":[{"embeddable":true,"href":"https:\/\/dom-polski.fr\/index.php\/wp-json\/wp\/v2\/media\/9736"}],"wp:attachment":[{"href":"https:\/\/dom-polski.fr\/index.php\/wp-json\/wp\/v2\/media?parent=9735"}],"curies":[{"name":"wp","href":"https:\/\/api.w.org\/{rel}","templated":true}]}}