{"id":9733,"date":"2023-01-30T15:13:21","date_gmt":"2023-01-30T14:13:21","guid":{"rendered":"https:\/\/dom-polski.fr\/?post_type=product&#038;p=9733"},"modified":"2024-06-17T08:54:35","modified_gmt":"2024-06-17T06:54:35","slug":"bonbons-aux-fruits-mieszko-90-gr","status":"publish","type":"product","link":"https:\/\/dom-polski.fr\/index.php\/product\/bonbons-aux-fruits-mieszko-90-gr\/","title":{"rendered":"Bonbons aux fruits Mieszko 90 gr"},"content":{"rendered":"<p><span class=\"goog-text-highlight\">Ingr\u00e9dients : Sirop de glucose, sucre, correcteur d&rsquo;acidit\u00e9 : acide citrique, ar\u00f4mes, concentr\u00e9s de jus de fruits 0,1 % [citron, orange, pomme, framboise, cassis (poudre)], colorants (extrait de paprika, curcumine, carot\u00e8nes, indigotine), jus de carotte noire concentr\u00e9. <\/span><span>Le produit peut contenir du soja et du lait.<\/span><\/p>\n","protected":false},"excerpt":{"rendered":"<p>Ingr\u00e9dients : Sirop de glucose, sucre, correcteur d&rsquo;acidit\u00e9 : acide citrique, ar\u00f4mes, concentr\u00e9s de jus de fruits 0,1 % [citron, orange, pomme, framboise, cassis (poudre)], colorants (extrait de paprika, curcumine, <a class=\"more-link\" href=\"https:\/\/dom-polski.fr\/index.php\/product\/bonbons-aux-fruits-mieszko-90-gr\/\">Afficher la suite \u2192<\/a><\/p>\n","protected":false},"featured_media":9734,"comment_status":"open","ping_status":"closed","template":"","meta":{"spay_email":"","jetpack_publicize_message":"","jetpack_is_tweetstorm":false},"aioseo_notices":[],"jetpack_publicize_connections":[],"jetpack_likes_enabled":false,"_links":{"self":[{"href":"https:\/\/dom-polski.fr\/index.php\/wp-json\/wp\/v2\/product\/9733"}],"collection":[{"href":"https:\/\/dom-polski.fr\/index.php\/wp-json\/wp\/v2\/product"}],"about":[{"href":"https:\/\/dom-polski.fr\/index.php\/wp-json\/wp\/v2\/types\/product"}],"replies":[{"embeddable":true,"href":"https:\/\/dom-polski.fr\/index.php\/wp-json\/wp\/v2\/comments?post=9733"}],"wp:featuredmedia":[{"embeddable":true,"href":"https:\/\/dom-polski.fr\/index.php\/wp-json\/wp\/v2\/media\/9734"}],"wp:attachment":[{"href":"https:\/\/dom-polski.fr\/index.php\/wp-json\/wp\/v2\/media?parent=9733"}],"curies":[{"name":"wp","href":"https:\/\/api.w.org\/{rel}","templated":true}]}}