{"id":9720,"date":"2023-01-30T14:47:22","date_gmt":"2023-01-30T13:47:22","guid":{"rendered":"https:\/\/dom-polski.fr\/?post_type=product&#038;p=9720"},"modified":"2023-01-30T14:47:23","modified_gmt":"2023-01-30T13:47:23","slug":"coolki-caramel-goplana-140-g","status":"publish","type":"product","link":"https:\/\/dom-polski.fr\/index.php\/product\/coolki-caramel-goplana-140-g\/","title":{"rendered":"Coolki caramel Goplana 140 g"},"content":{"rendered":"<p>Ingr\u00e9dients : S<span class=\"\">ucre, graisses v\u00e9g\u00e9tales (karit\u00e9, palme), farine de bl\u00e9, lactos\u00e9rum en poudre (de lait), lait \u00e9cr\u00e9m\u00e9 en poudre, p\u00e2te de cacao, beurre de cacao, cacao maigre, noisettes (2 %), sirop de glucose, humidit\u00e9 de conservation : glyc\u00e9rol, glucose , amidon, lactose (de lait), sirop de sucre caram\u00e9lis\u00e9, lait concentr\u00e9 sucr\u00e9, mati\u00e8re grasse de lait, \u00e9mulsifiants : l\u00e9cithines (de soja), E476 ; <\/span>ar\u00f4mes, poudres \u00e0 lever : carbonates de sodium, carbonates d&rsquo;ammonium, diphosphates ;\u00a0sel, sirop de sucre inverti, colorant : carot\u00e8nes ;\u00a0cacahu\u00e8tes.<\/p>\n","protected":false},"excerpt":{"rendered":"<p>Ingr\u00e9dients : Sucre, graisses v\u00e9g\u00e9tales (karit\u00e9, palme), farine de bl\u00e9, lactos\u00e9rum en poudre (de lait), lait \u00e9cr\u00e9m\u00e9 en poudre, p\u00e2te de cacao, beurre de cacao, cacao maigre, noisettes (2 %), <a class=\"more-link\" href=\"https:\/\/dom-polski.fr\/index.php\/product\/coolki-caramel-goplana-140-g\/\">Afficher la suite \u2192<\/a><\/p>\n","protected":false},"featured_media":9721,"comment_status":"open","ping_status":"closed","template":"","meta":{"spay_email":"","jetpack_publicize_message":"","jetpack_is_tweetstorm":false},"aioseo_notices":[],"jetpack_publicize_connections":[],"jetpack_likes_enabled":false,"_links":{"self":[{"href":"https:\/\/dom-polski.fr\/index.php\/wp-json\/wp\/v2\/product\/9720"}],"collection":[{"href":"https:\/\/dom-polski.fr\/index.php\/wp-json\/wp\/v2\/product"}],"about":[{"href":"https:\/\/dom-polski.fr\/index.php\/wp-json\/wp\/v2\/types\/product"}],"replies":[{"embeddable":true,"href":"https:\/\/dom-polski.fr\/index.php\/wp-json\/wp\/v2\/comments?post=9720"}],"wp:featuredmedia":[{"embeddable":true,"href":"https:\/\/dom-polski.fr\/index.php\/wp-json\/wp\/v2\/media\/9721"}],"wp:attachment":[{"href":"https:\/\/dom-polski.fr\/index.php\/wp-json\/wp\/v2\/media?parent=9720"}],"curies":[{"name":"wp","href":"https:\/\/api.w.org\/{rel}","templated":true}]}}