{"id":9714,"date":"2023-01-30T14:28:11","date_gmt":"2023-01-30T13:28:11","guid":{"rendered":"https:\/\/dom-polski.fr\/?post_type=product&#038;p=9714"},"modified":"2025-11-30T17:36:08","modified_gmt":"2025-11-30T16:36:08","slug":"biscuits-a-la-gelee-de-cerise-delictions-294-gr","status":"publish","type":"product","link":"https:\/\/dom-polski.fr\/index.php\/product\/biscuits-a-la-gelee-de-cerise-delictions-294-gr\/","title":{"rendered":"Biscuits \u00e0 la gel\u00e9e de cerise Delictions 294 gr"},"content":{"rendered":"<p>Ingr\u00e9dients : Sirop de glucose-fructose, sucre, chocolat 15 % [sucre, p\u00e2te de cacao, beurre de cacao, graisses v\u00e9g\u00e9tales (palme, karit\u00e9) en proportions variables, \u00e9mulsifiants (l\u00e9cithine de soja, E 476), ar\u00f4me], farine de bl\u00e9, \u0153ufs, eau , amidon de pomme de terre, jus concentr\u00e9 de cerise 1,5 %, humectant (glyc\u00e9rol), huile de colza, g\u00e9lifiant (pectines), correcteurs d&rsquo;acidit\u00e9 (acide citrique, acide malique, citrates de sodium), colorants (cochenille, carot\u00e8nes), ar\u00f4mes, sel, poudre \u00e0 lever (carbonates d&rsquo;ammonium), \u00e9mulsifiant (E 471).<\/p>\n","protected":false},"excerpt":{"rendered":"<p>Ingr\u00e9dients : Sirop de glucose-fructose, sucre, chocolat 15 % [sucre, p\u00e2te de cacao, beurre de cacao, graisses v\u00e9g\u00e9tales (palme, karit\u00e9) en proportions variables, \u00e9mulsifiants (l\u00e9cithine de soja, E 476), ar\u00f4me], <a class=\"more-link\" href=\"https:\/\/dom-polski.fr\/index.php\/product\/biscuits-a-la-gelee-de-cerise-delictions-294-gr\/\">Afficher la suite \u2192<\/a><\/p>\n","protected":false},"featured_media":9715,"comment_status":"open","ping_status":"closed","template":"","meta":{"spay_email":"","jetpack_publicize_message":"","jetpack_is_tweetstorm":false},"aioseo_notices":[],"jetpack_publicize_connections":[],"jetpack_likes_enabled":false,"_links":{"self":[{"href":"https:\/\/dom-polski.fr\/index.php\/wp-json\/wp\/v2\/product\/9714"}],"collection":[{"href":"https:\/\/dom-polski.fr\/index.php\/wp-json\/wp\/v2\/product"}],"about":[{"href":"https:\/\/dom-polski.fr\/index.php\/wp-json\/wp\/v2\/types\/product"}],"replies":[{"embeddable":true,"href":"https:\/\/dom-polski.fr\/index.php\/wp-json\/wp\/v2\/comments?post=9714"}],"wp:featuredmedia":[{"embeddable":true,"href":"https:\/\/dom-polski.fr\/index.php\/wp-json\/wp\/v2\/media\/9715"}],"wp:attachment":[{"href":"https:\/\/dom-polski.fr\/index.php\/wp-json\/wp\/v2\/media?parent=9714"}],"curies":[{"name":"wp","href":"https:\/\/api.w.org\/{rel}","templated":true}]}}