{"id":9708,"date":"2023-01-30T13:50:55","date_gmt":"2023-01-30T12:50:55","guid":{"rendered":"https:\/\/dom-polski.fr\/?post_type=product&#038;p=9708"},"modified":"2025-09-14T17:29:26","modified_gmt":"2025-09-14T15:29:26","slug":"gaufrette-prince-polo-classique-1750-gr","status":"publish","type":"product","link":"https:\/\/dom-polski.fr\/index.php\/product\/gaufrette-prince-polo-classique-1750-gr\/","title":{"rendered":"Gaufrette Prince Polo Classique 17,50 gr"},"content":{"rendered":"<p><span class=\"\"><span>Ingr\u00e9dients : sucre, farine de bl\u00e9, graisses v\u00e9g\u00e9tales (palme, karit\u00e9 en proportions variables), p\u00e2te de cacao, lactos\u00e9rum en poudre (lait), cacao maigre en poudre (1 %), beurre de cacao, mati\u00e8re grasse du lait, \u00e9mulsifiants ( l\u00e9cithine de soya, E 476 ), f\u00e9cule de pomme de terre, huile de colza, sel, poudres \u00e0 levier (carbonates de sodium, carbonates d&rsquo;ammonium), ar\u00f4mes, poudre de lait \u00e9cr\u00e9m\u00e9.\u00a0<\/span><\/span><span>En plus du beurre de cacao, il contient des grains v\u00e9g\u00e9taux.<\/span><\/p>\n","protected":false},"excerpt":{"rendered":"<p>Ingr\u00e9dients : sucre, farine de bl\u00e9, graisses v\u00e9g\u00e9tales (palme, karit\u00e9 en proportions variables), p\u00e2te de cacao, lactos\u00e9rum en poudre (lait), cacao maigre en poudre (1 %), beurre de cacao, mati\u00e8re <a class=\"more-link\" href=\"https:\/\/dom-polski.fr\/index.php\/product\/gaufrette-prince-polo-classique-1750-gr\/\">Afficher la suite \u2192<\/a><\/p>\n","protected":false},"featured_media":9709,"comment_status":"open","ping_status":"closed","template":"","meta":{"spay_email":"","jetpack_publicize_message":"","jetpack_is_tweetstorm":false},"aioseo_notices":[],"jetpack_publicize_connections":[],"jetpack_likes_enabled":false,"_links":{"self":[{"href":"https:\/\/dom-polski.fr\/index.php\/wp-json\/wp\/v2\/product\/9708"}],"collection":[{"href":"https:\/\/dom-polski.fr\/index.php\/wp-json\/wp\/v2\/product"}],"about":[{"href":"https:\/\/dom-polski.fr\/index.php\/wp-json\/wp\/v2\/types\/product"}],"replies":[{"embeddable":true,"href":"https:\/\/dom-polski.fr\/index.php\/wp-json\/wp\/v2\/comments?post=9708"}],"wp:featuredmedia":[{"embeddable":true,"href":"https:\/\/dom-polski.fr\/index.php\/wp-json\/wp\/v2\/media\/9709"}],"wp:attachment":[{"href":"https:\/\/dom-polski.fr\/index.php\/wp-json\/wp\/v2\/media?parent=9708"}],"curies":[{"name":"wp","href":"https:\/\/api.w.org\/{rel}","templated":true}]}}