{"id":9697,"date":"2023-01-30T13:06:27","date_gmt":"2023-01-30T12:06:27","guid":{"rendered":"https:\/\/dom-polski.fr\/?post_type=product&#038;p=9697"},"modified":"2025-08-02T15:56:38","modified_gmt":"2025-08-02T13:56:38","slug":"kabanos-cheddar-tarczynski-90-gr","status":"publish","type":"product","link":"https:\/\/dom-polski.fr\/index.php\/product\/kabanos-cheddar-tarczynski-90-gr\/","title":{"rendered":"Kabanos cheddar Tarczynski 90 gr"},"content":{"rendered":"<p>Saucisses s\u00e8ches kabanos cheddar sont une collation quotidienne savoureuse ainsi qu&rsquo;un compl\u00e9ment parfait \u00e0 diff\u00e9rents types de plats. Ils ont une saveur tr\u00e8s intense de volaille fum\u00e9e et une richesse d&rsquo;\u00e9pices soigneusement s\u00e9lectionn\u00e9es qui leur conf\u00e8rent un go\u00fbt unique. ATTENTION ! Lisez avant d&rsquo;acheter le produit. Il peut avoir un enduit blanc &#8211; explication dans la description compl\u00e8te.<\/p>\n","protected":false},"excerpt":{"rendered":"<p>Saucisses s\u00e8ches kabanos cheddar sont une collation quotidienne savoureuse ainsi qu&rsquo;un compl\u00e9ment parfait \u00e0 diff\u00e9rents types de plats. Ils ont une saveur tr\u00e8s intense de volaille fum\u00e9e et une richesse <a class=\"more-link\" href=\"https:\/\/dom-polski.fr\/index.php\/product\/kabanos-cheddar-tarczynski-90-gr\/\">Afficher la suite \u2192<\/a><\/p>\n","protected":false},"featured_media":9704,"comment_status":"open","ping_status":"closed","template":"","meta":{"spay_email":"","jetpack_publicize_message":"","jetpack_is_tweetstorm":false},"aioseo_notices":[],"jetpack_publicize_connections":[],"jetpack_likes_enabled":false,"_links":{"self":[{"href":"https:\/\/dom-polski.fr\/index.php\/wp-json\/wp\/v2\/product\/9697"}],"collection":[{"href":"https:\/\/dom-polski.fr\/index.php\/wp-json\/wp\/v2\/product"}],"about":[{"href":"https:\/\/dom-polski.fr\/index.php\/wp-json\/wp\/v2\/types\/product"}],"replies":[{"embeddable":true,"href":"https:\/\/dom-polski.fr\/index.php\/wp-json\/wp\/v2\/comments?post=9697"}],"wp:featuredmedia":[{"embeddable":true,"href":"https:\/\/dom-polski.fr\/index.php\/wp-json\/wp\/v2\/media\/9704"}],"wp:attachment":[{"href":"https:\/\/dom-polski.fr\/index.php\/wp-json\/wp\/v2\/media?parent=9697"}],"curies":[{"name":"wp","href":"https:\/\/api.w.org\/{rel}","templated":true}]}}