{"id":9686,"date":"2023-01-30T12:19:01","date_gmt":"2023-01-30T11:19:01","guid":{"rendered":"https:\/\/dom-polski.fr\/?post_type=product&#038;p=9686"},"modified":"2023-11-30T14:22:15","modified_gmt":"2023-11-30T13:22:15","slug":"malaga-wawel-330-g","status":"publish","type":"product","link":"https:\/\/dom-polski.fr\/index.php\/product\/malaga-wawel-330-g\/","title":{"rendered":"Malaga Wawel 330 g"},"content":{"rendered":"<p>Bonbons Kasztanki sont l&rsquo;un des produits de Wawel les plus c\u00e9l\u00e8bres, populaires en Pologne depuis les ann\u00e9es 70. Le remplissage au cacao est couvert du d\u00e9licieux chocolat noir. L&rsquo;ensemble est compl\u00e9t\u00e9 des gaufrettes cassantes gr\u00e2ce auxquelles les chocolats croquent agr\u00e9ablement.<\/p>\n","protected":false},"excerpt":{"rendered":"<p>Bonbons Kasztanki sont l&rsquo;un des produits de Wawel les plus c\u00e9l\u00e8bres, populaires en Pologne depuis les ann\u00e9es 70. Le remplissage au cacao est couvert du d\u00e9licieux chocolat noir. L&rsquo;ensemble est <a class=\"more-link\" href=\"https:\/\/dom-polski.fr\/index.php\/product\/malaga-wawel-330-g\/\">Afficher la suite \u2192<\/a><\/p>\n","protected":false},"featured_media":9687,"comment_status":"open","ping_status":"closed","template":"","meta":{"spay_email":"","jetpack_publicize_message":"","jetpack_is_tweetstorm":false},"aioseo_notices":[],"jetpack_publicize_connections":[],"jetpack_likes_enabled":false,"_links":{"self":[{"href":"https:\/\/dom-polski.fr\/index.php\/wp-json\/wp\/v2\/product\/9686"}],"collection":[{"href":"https:\/\/dom-polski.fr\/index.php\/wp-json\/wp\/v2\/product"}],"about":[{"href":"https:\/\/dom-polski.fr\/index.php\/wp-json\/wp\/v2\/types\/product"}],"replies":[{"embeddable":true,"href":"https:\/\/dom-polski.fr\/index.php\/wp-json\/wp\/v2\/comments?post=9686"}],"wp:featuredmedia":[{"embeddable":true,"href":"https:\/\/dom-polski.fr\/index.php\/wp-json\/wp\/v2\/media\/9687"}],"wp:attachment":[{"href":"https:\/\/dom-polski.fr\/index.php\/wp-json\/wp\/v2\/media?parent=9686"}],"curies":[{"name":"wp","href":"https:\/\/api.w.org\/{rel}","templated":true}]}}