{"id":9559,"date":"2022-11-23T16:20:55","date_gmt":"2022-11-23T15:20:55","guid":{"rendered":"https:\/\/dom-polski.fr\/?post_type=product&#038;p=9559"},"modified":"2022-11-23T16:20:56","modified_gmt":"2022-11-23T15:20:56","slug":"gateau-brownie-delecta-550-g","status":"publish","type":"product","link":"https:\/\/dom-polski.fr\/index.php\/product\/gateau-brownie-delecta-550-g\/","title":{"rendered":"G\u00e2teau brownie Delecta 550 g"},"content":{"rendered":"","protected":false},"excerpt":{"rendered":"<p><span>P\u00e2te : Sucre, farine de bl\u00e9, amidon de bl\u00e9, cacao maigre en poudre, poudre \u00e0 lever (poudres \u00e0 lever : diphosphates, carbonates de sodium) ; <\/span><span class=\"goog-text-highlight\">\u00e9paississants : gomme xanthane, gomme guar ;\u00a0<\/span><span>ar\u00f4me.\u00a0<\/span><span>P\u00e2te de chocolat : sucre, farine de bl\u00e9, chocolat (p\u00e2te de cacao, sucre, glucose, \u00e9mulsifiant : l\u00e9cithine (soja)), amidon de ma\u00efs, poudre de cacao maigre, poudre \u00e0 lever (poudres \u00e0 lever : diphosphates, carbonates de sodium).<\/span><\/p>\n<p>Poids : 550 g <a class=\"more-link\" href=\"https:\/\/dom-polski.fr\/index.php\/product\/gateau-brownie-delecta-550-g\/\">Afficher la suite \u2192<\/a><\/p>\n","protected":false},"featured_media":9560,"comment_status":"open","ping_status":"closed","template":"","meta":{"spay_email":"","jetpack_publicize_message":"","jetpack_is_tweetstorm":false},"aioseo_notices":[],"jetpack_publicize_connections":[],"jetpack_likes_enabled":false,"_links":{"self":[{"href":"https:\/\/dom-polski.fr\/index.php\/wp-json\/wp\/v2\/product\/9559"}],"collection":[{"href":"https:\/\/dom-polski.fr\/index.php\/wp-json\/wp\/v2\/product"}],"about":[{"href":"https:\/\/dom-polski.fr\/index.php\/wp-json\/wp\/v2\/types\/product"}],"replies":[{"embeddable":true,"href":"https:\/\/dom-polski.fr\/index.php\/wp-json\/wp\/v2\/comments?post=9559"}],"wp:featuredmedia":[{"embeddable":true,"href":"https:\/\/dom-polski.fr\/index.php\/wp-json\/wp\/v2\/media\/9560"}],"wp:attachment":[{"href":"https:\/\/dom-polski.fr\/index.php\/wp-json\/wp\/v2\/media?parent=9559"}],"curies":[{"name":"wp","href":"https:\/\/api.w.org\/{rel}","templated":true}]}}