{"id":9551,"date":"2022-11-23T15:34:25","date_gmt":"2022-11-23T14:34:25","guid":{"rendered":"https:\/\/dom-polski.fr\/?post_type=product&#038;p=9551"},"modified":"2025-11-30T17:36:09","modified_gmt":"2025-11-30T16:36:09","slug":"torunskie-pierniki-biscuits-au-pain-depices-serca-kopernik-170g","status":"publish","type":"product","link":"https:\/\/dom-polski.fr\/index.php\/product\/torunskie-pierniki-biscuits-au-pain-depices-serca-kopernik-170g\/","title":{"rendered":"Torunskie Pierniki Biscuits au pain d&rsquo;\u00e9pices Serca Kopernik 170g"},"content":{"rendered":"<p>Les biscuits au pain d&rsquo;\u00e9pice de Torun sont fabriqu\u00e9s par la marque Kopernik, l&rsquo;une des plus anciennes entreprises de confiserie en Pologne et dans le monde. La premi\u00e8re recette des biscuits au pain d&rsquo;\u00e9pice de Torun date du XIVe si\u00e8cle ; aujourd\u2019hui, elle est surveill\u00e9e et connue seulement de quelques-uns&#8230; Heureusement, il est possible de go\u00fbter les biscuits au pain d&rsquo;\u00e9pice partout en Pologne !<\/p>\n","protected":false},"excerpt":{"rendered":"<p>Ingr\u00e9dients :<br \/>\nFarine de <b>bl\u00e9<\/b>, chocolat 28 % (sucre, liqueur de cacao, mati\u00e8re grasse de cacao, mati\u00e8re grasse v\u00e9g\u00e9tale de palme, \u00e9mulsifiant : l\u00e9cithines (de <b>soja<\/b>), ar\u00f4me), sucre, farine de\u00a0<b>seigle<\/b>, miel, sirop de glucose, colorant : caramel, agent de levage : carbonates d&rsquo;ammonium, amidon de pomme de terre, \u00e9pices, sel, r\u00e9gulateur d&rsquo;acidit\u00e9 : acide citrique. <a class=\"more-link\" href=\"https:\/\/dom-polski.fr\/index.php\/product\/torunskie-pierniki-biscuits-au-pain-depices-serca-kopernik-170g\/\">Afficher la suite \u2192<\/a><\/p>\n","protected":false},"featured_media":9552,"comment_status":"open","ping_status":"closed","template":"","meta":{"spay_email":"","jetpack_publicize_message":"","jetpack_is_tweetstorm":false},"aioseo_notices":[],"jetpack_publicize_connections":[],"jetpack_likes_enabled":false,"_links":{"self":[{"href":"https:\/\/dom-polski.fr\/index.php\/wp-json\/wp\/v2\/product\/9551"}],"collection":[{"href":"https:\/\/dom-polski.fr\/index.php\/wp-json\/wp\/v2\/product"}],"about":[{"href":"https:\/\/dom-polski.fr\/index.php\/wp-json\/wp\/v2\/types\/product"}],"replies":[{"embeddable":true,"href":"https:\/\/dom-polski.fr\/index.php\/wp-json\/wp\/v2\/comments?post=9551"}],"wp:featuredmedia":[{"embeddable":true,"href":"https:\/\/dom-polski.fr\/index.php\/wp-json\/wp\/v2\/media\/9552"}],"wp:attachment":[{"href":"https:\/\/dom-polski.fr\/index.php\/wp-json\/wp\/v2\/media?parent=9551"}],"curies":[{"name":"wp","href":"https:\/\/api.w.org\/{rel}","templated":true}]}}