{"id":9515,"date":"2022-11-14T16:13:56","date_gmt":"2022-11-14T15:13:56","guid":{"rendered":"https:\/\/dom-polski.fr\/?post_type=product&#038;p=9515"},"modified":"2025-11-30T17:36:08","modified_gmt":"2025-11-30T16:36:08","slug":"baton-de-pain-depice-aux-fruits-enrobes-de-chocolat-47-g","status":"publish","type":"product","link":"https:\/\/dom-polski.fr\/index.php\/product\/baton-de-pain-depice-aux-fruits-enrobes-de-chocolat-47-g\/","title":{"rendered":"B\u00e2ton de pain d&rsquo;\u00e9pice aux fruits enrob\u00e9s de chocolat 47 g"},"content":{"rendered":"","protected":false},"excerpt":{"rendered":"","protected":false},"featured_media":9516,"comment_status":"open","ping_status":"closed","template":"","meta":{"spay_email":"","jetpack_publicize_message":"","jetpack_is_tweetstorm":false},"aioseo_notices":[],"jetpack_publicize_connections":[],"jetpack_likes_enabled":false,"_links":{"self":[{"href":"https:\/\/dom-polski.fr\/index.php\/wp-json\/wp\/v2\/product\/9515"}],"collection":[{"href":"https:\/\/dom-polski.fr\/index.php\/wp-json\/wp\/v2\/product"}],"about":[{"href":"https:\/\/dom-polski.fr\/index.php\/wp-json\/wp\/v2\/types\/product"}],"replies":[{"embeddable":true,"href":"https:\/\/dom-polski.fr\/index.php\/wp-json\/wp\/v2\/comments?post=9515"}],"wp:featuredmedia":[{"embeddable":true,"href":"https:\/\/dom-polski.fr\/index.php\/wp-json\/wp\/v2\/media\/9516"}],"wp:attachment":[{"href":"https:\/\/dom-polski.fr\/index.php\/wp-json\/wp\/v2\/media?parent=9515"}],"curies":[{"name":"wp","href":"https:\/\/api.w.org\/{rel}","templated":true}]}}