{"id":9354,"date":"2022-08-24T15:14:05","date_gmt":"2022-08-24T13:14:05","guid":{"rendered":"https:\/\/dom-polski.fr\/?post_type=product&#038;p=9354"},"modified":"2025-01-05T21:13:14","modified_gmt":"2025-01-05T20:13:14","slug":"mug-lowicz-noir","status":"publish","type":"product","link":"https:\/\/dom-polski.fr\/index.php\/product\/mug-lowicz-noir\/","title":{"rendered":"Mug Lowicz noir"},"content":{"rendered":"<p>Mod\u00e8le : Lowicz noir<br \/>\nContenance : 280 ml<br \/>\nDiam\u00e8tre en haut : 8,50 cm<br \/>\nDiam\u00e8tre en bas : 6 cm<br \/>\nLave-vaisselle<\/p>\n","protected":false},"excerpt":{"rendered":"<p>Mod\u00e8le : Lowicz noir Contenance : 280 ml Diam\u00e8tre en haut : 8,50 cm Diam\u00e8tre en bas : 6 cm Lave-vaisselle<\/p>\n","protected":false},"featured_media":9355,"comment_status":"open","ping_status":"closed","template":"","meta":{"spay_email":"","jetpack_publicize_message":"","jetpack_is_tweetstorm":false},"aioseo_notices":[],"jetpack_publicize_connections":[],"jetpack_likes_enabled":false,"_links":{"self":[{"href":"https:\/\/dom-polski.fr\/index.php\/wp-json\/wp\/v2\/product\/9354"}],"collection":[{"href":"https:\/\/dom-polski.fr\/index.php\/wp-json\/wp\/v2\/product"}],"about":[{"href":"https:\/\/dom-polski.fr\/index.php\/wp-json\/wp\/v2\/types\/product"}],"replies":[{"embeddable":true,"href":"https:\/\/dom-polski.fr\/index.php\/wp-json\/wp\/v2\/comments?post=9354"}],"wp:featuredmedia":[{"embeddable":true,"href":"https:\/\/dom-polski.fr\/index.php\/wp-json\/wp\/v2\/media\/9355"}],"wp:attachment":[{"href":"https:\/\/dom-polski.fr\/index.php\/wp-json\/wp\/v2\/media?parent=9354"}],"curies":[{"name":"wp","href":"https:\/\/api.w.org\/{rel}","templated":true}]}}