{"id":9177,"date":"2022-08-18T10:56:08","date_gmt":"2022-08-18T08:56:08","guid":{"rendered":"https:\/\/dom-polski.fr\/?post_type=product&#038;p=9177"},"modified":"2022-08-18T10:56:09","modified_gmt":"2022-08-18T08:56:09","slug":"bonbons-caramel-1-kg-wawel","status":"publish","type":"product","link":"https:\/\/dom-polski.fr\/index.php\/product\/bonbons-caramel-1-kg-wawel\/","title":{"rendered":"Bonbons caramel 1 kg Wawel"},"content":{"rendered":"<p>Ingr\u00e9dients :\u00a0Sucre, sirop de glucose, arachides 9 %, graisse de palme, lactos\u00e9rum en poudre (issu du lait), cacao all\u00e9g\u00e9 1,6 %, ar\u00f4mes, concentr\u00e9 de carotte noire.\u00a0le produit peut contenir des noix, des graines de s\u00e9same, du soja, du bl\u00e9 et des \u0153ufs.<br \/>\nAllerg\u00e8nes : Cacahu\u00e8tes et arachides.<br \/>\nPeut contenir : C\u00e9r\u00e9ales, soja, \u0153ufs et graines de s\u00e9same.<br \/>\nPoids : 1 kg<\/p>\n","protected":false},"excerpt":{"rendered":"<p>Ingr\u00e9dients :\u00a0Sucre, sirop de glucose, arachides 9 %, graisse de palme, lactos\u00e9rum en poudre (issu du lait), cacao all\u00e9g\u00e9 1,6 %, ar\u00f4mes, concentr\u00e9 de carotte noire.\u00a0le produit peut contenir des <a class=\"more-link\" href=\"https:\/\/dom-polski.fr\/index.php\/product\/bonbons-caramel-1-kg-wawel\/\">Afficher la suite \u2192<\/a><\/p>\n","protected":false},"featured_media":9178,"comment_status":"open","ping_status":"closed","template":"","meta":{"spay_email":"","jetpack_publicize_message":"","jetpack_is_tweetstorm":false},"aioseo_notices":[],"jetpack_publicize_connections":[],"jetpack_likes_enabled":false,"_links":{"self":[{"href":"https:\/\/dom-polski.fr\/index.php\/wp-json\/wp\/v2\/product\/9177"}],"collection":[{"href":"https:\/\/dom-polski.fr\/index.php\/wp-json\/wp\/v2\/product"}],"about":[{"href":"https:\/\/dom-polski.fr\/index.php\/wp-json\/wp\/v2\/types\/product"}],"replies":[{"embeddable":true,"href":"https:\/\/dom-polski.fr\/index.php\/wp-json\/wp\/v2\/comments?post=9177"}],"wp:featuredmedia":[{"embeddable":true,"href":"https:\/\/dom-polski.fr\/index.php\/wp-json\/wp\/v2\/media\/9178"}],"wp:attachment":[{"href":"https:\/\/dom-polski.fr\/index.php\/wp-json\/wp\/v2\/media?parent=9177"}],"curies":[{"name":"wp","href":"https:\/\/api.w.org\/{rel}","templated":true}]}}