{"id":9175,"date":"2022-08-17T17:20:10","date_gmt":"2022-08-17T15:20:10","guid":{"rendered":"https:\/\/dom-polski.fr\/?post_type=product&#038;p=9175"},"modified":"2022-08-17T17:20:11","modified_gmt":"2022-08-17T15:20:11","slug":"tasse-folklorique-motifs-cachoubes","status":"publish","type":"product","link":"https:\/\/dom-polski.fr\/index.php\/product\/tasse-folklorique-motifs-cachoubes\/","title":{"rendered":"Tasse folklorique motifs Cachoubes"},"content":{"rendered":"<p><span>Mug folk inspir\u00e9 de motifs folkloriques &#8211; Fleurs d&rsquo;Opole<\/span><\/p>\n<ul>\n<li><span>cadeau parfait de Pologne<\/span><\/li>\n<li><span>design inspir\u00e9 des fleurs traditionnelles d&rsquo;Opole<\/span><\/li>\n<li><span>le motif folk est situ\u00e9 sur toute la surface de la tasse<\/span><\/li>\n<li><span>en porcelaine l\u00e9g\u00e8re<\/span><\/li>\n<li><span>lave-vaisselle<\/span><\/li>\n<\/ul>\n<p><strong><span>Dimensions :<\/span><\/strong><\/p>\n<ul>\n<li><span>hauteur : environ 10 cm<\/span><\/li>\n<li><span>diam\u00e8tre au sommet : 8,5 cm<\/span><\/li>\n<li><span>diam\u00e8tre en bas : 5,5 cm<\/span><\/li>\n<li><span>capacit\u00e9 : environ 250 ml<\/span><\/li>\n<\/ul>\n<p>&nbsp;<\/p>\n","protected":false},"excerpt":{"rendered":"<p>Mug folk inspir\u00e9 de motifs folkloriques &#8211; Fleurs d&rsquo;Opole cadeau parfait de Pologne design inspir\u00e9 des fleurs traditionnelles d&rsquo;Opole le motif folk est situ\u00e9 sur toute la surface de la <a class=\"more-link\" href=\"https:\/\/dom-polski.fr\/index.php\/product\/tasse-folklorique-motifs-cachoubes\/\">Afficher la suite \u2192<\/a><\/p>\n","protected":false},"featured_media":9176,"comment_status":"open","ping_status":"closed","template":"","meta":{"spay_email":"","jetpack_publicize_message":"","jetpack_is_tweetstorm":false},"aioseo_notices":[],"jetpack_publicize_connections":[],"jetpack_likes_enabled":false,"_links":{"self":[{"href":"https:\/\/dom-polski.fr\/index.php\/wp-json\/wp\/v2\/product\/9175"}],"collection":[{"href":"https:\/\/dom-polski.fr\/index.php\/wp-json\/wp\/v2\/product"}],"about":[{"href":"https:\/\/dom-polski.fr\/index.php\/wp-json\/wp\/v2\/types\/product"}],"replies":[{"embeddable":true,"href":"https:\/\/dom-polski.fr\/index.php\/wp-json\/wp\/v2\/comments?post=9175"}],"wp:featuredmedia":[{"embeddable":true,"href":"https:\/\/dom-polski.fr\/index.php\/wp-json\/wp\/v2\/media\/9176"}],"wp:attachment":[{"href":"https:\/\/dom-polski.fr\/index.php\/wp-json\/wp\/v2\/media?parent=9175"}],"curies":[{"name":"wp","href":"https:\/\/api.w.org\/{rel}","templated":true}]}}