{"id":9172,"date":"2022-08-17T17:09:29","date_gmt":"2022-08-17T15:09:29","guid":{"rendered":"https:\/\/dom-polski.fr\/?post_type=product&#038;p=9172"},"modified":"2023-10-18T23:20:01","modified_gmt":"2023-10-18T21:20:01","slug":"parapluie-f","status":"publish","type":"product","link":"https:\/\/dom-polski.fr\/index.php\/product\/parapluie-f\/","title":{"rendered":"Parapluie parzenice G\u00f3ralskie"},"content":{"rendered":"<h3 class=\"h3\"><span>Un petit parapluie folklorique pliable &#8211; Parzenice G\u00f3ralskie<\/span><\/h3>\n<p><span>Petit parapluie folk pliant avec un motif folk montagnard.\u00a0Le parapluie dans l&rsquo;ethno parzenice montagnard illuminera m\u00eame le jour le plus sombre.\u00a0Nous garantissons un sourire des passants.<\/span><\/p>\n<ul>\n<li><span>un accessoire folklorique pratique pour chaque femme,<\/span><\/li>\n<li><span>Parfait pour une promenade par temps nuageux,<\/span><\/li>\n<li><span>c&rsquo;est pratique &#8211; \u00e7a tient dans un petit sac \u00e0 main,<\/span><\/li>\n<li><span>parfait pour un cadeau.<\/span><\/li>\n<\/ul>\n<p><span>DIMENSIONS :<\/span><\/p>\n<ul>\n<li><span>longueur : 28,5 cm (55 cm d\u00e9pli\u00e9),<\/span><\/li>\n<li><span>diam\u00e8tre du manche : 3,5 cm,<\/span><\/li>\n<li><span>port\u00e9e apr\u00e8s d\u00e9pliage 108 cm.<\/span><\/li>\n<\/ul>\n","protected":false},"excerpt":{"rendered":"<p>Un petit parapluie folklorique pliable &#8211; Parzenice G\u00f3ralskie Petit parapluie folk pliant avec un motif folk montagnard.\u00a0Le parapluie dans l&rsquo;ethno parzenice montagnard illuminera m\u00eame le jour le plus sombre.\u00a0Nous garantissons <a class=\"more-link\" href=\"https:\/\/dom-polski.fr\/index.php\/product\/parapluie-f\/\">Afficher la suite \u2192<\/a><\/p>\n","protected":false},"featured_media":9173,"comment_status":"open","ping_status":"closed","template":"","meta":{"spay_email":"","jetpack_publicize_message":"","jetpack_is_tweetstorm":false},"aioseo_notices":[],"jetpack_publicize_connections":[],"jetpack_likes_enabled":false,"_links":{"self":[{"href":"https:\/\/dom-polski.fr\/index.php\/wp-json\/wp\/v2\/product\/9172"}],"collection":[{"href":"https:\/\/dom-polski.fr\/index.php\/wp-json\/wp\/v2\/product"}],"about":[{"href":"https:\/\/dom-polski.fr\/index.php\/wp-json\/wp\/v2\/types\/product"}],"replies":[{"embeddable":true,"href":"https:\/\/dom-polski.fr\/index.php\/wp-json\/wp\/v2\/comments?post=9172"}],"wp:featuredmedia":[{"embeddable":true,"href":"https:\/\/dom-polski.fr\/index.php\/wp-json\/wp\/v2\/media\/9173"}],"wp:attachment":[{"href":"https:\/\/dom-polski.fr\/index.php\/wp-json\/wp\/v2\/media?parent=9172"}],"curies":[{"name":"wp","href":"https:\/\/api.w.org\/{rel}","templated":true}]}}