{"id":9141,"date":"2022-08-17T11:22:24","date_gmt":"2022-08-17T09:22:24","guid":{"rendered":"https:\/\/dom-polski.fr\/?post_type=product&#038;p=9141"},"modified":"2025-12-18T22:56:24","modified_gmt":"2025-12-18T21:56:24","slug":"ziaja-cocoa-butter","status":"publish","type":"product","link":"https:\/\/dom-polski.fr\/index.php\/product\/ziaja-cocoa-butter\/","title":{"rendered":"Ziaja Cocoa Butter"},"content":{"rendered":"<div class=\"b1ieoh-3 xhtMu\">\n<div class=\"aohf13-8 hhnvZn\">\n<div class=\"aohf13-9 KbgtI\">Description\u00a0<span class=\"aohf13-12 bqZRfb\">Ziaja Cocoa Butter<\/span><\/div>\n<div class=\"aohf13-11 iNdlqp\">Caract\u00e9ristiques<\/div>\n<\/div>\n<\/div>\n<div id=\"description-tab\" tabindex=\"0\" role=\"tabpanel\" aria-hidden=\"false\">\n<div class=\"b1ieoh-1 kBRyuG\">\n<section id=\"pdDescription\" class=\"aohf13-13 sc-1eu1dd2-0 evUfvQ fvPBTM\">\n<div id=\"pd-description-wrapper\" class=\"aohf13-14 sc-1eu1dd2-1 gxqCOS kVXypN\">\n<div id=\"pd-description-text\" class=\"sc-1eu1dd2-3 fsvazp\" data-testid=\"pd-description-text\">\n<p>La cr\u00e8me visage Ziaja Cocoa Butter offre \u00e0 votre visage le soin quotidien qu\u2019il m\u00e9rite vraiment.<\/p>\n<p><strong>Le produit :<br \/>\n<\/strong>&#8211; nourrit en profondeur<br \/>\n&#8211; hydrate intens\u00e9ment<br \/>\n&#8211; prot\u00e8ge le visage contre les agressions ext\u00e9rieures<\/p>\n<p><strong>Mode d\u2019emploi :<\/strong><br \/>\nAppliquez sur la peau nettoy\u00e9e en massant par petits mouvements circulaires.<\/p>\n<p><strong>Quantit\u00e9 : <\/strong>50 ml<\/p>\n<\/div>\n<\/div>\n<\/section>\n<\/div>\n<\/div>\n","protected":false},"excerpt":{"rendered":"<p>Description\u00a0Ziaja Cocoa Butter Caract\u00e9ristiques La cr\u00e8me visage Ziaja Cocoa Butter offre \u00e0 votre visage le soin quotidien qu\u2019il m\u00e9rite vraiment. Le produit : &#8211; nourrit en profondeur &#8211; hydrate intens\u00e9ment <a class=\"more-link\" href=\"https:\/\/dom-polski.fr\/index.php\/product\/ziaja-cocoa-butter\/\">Afficher la suite \u2192<\/a><\/p>\n","protected":false},"featured_media":9873,"comment_status":"open","ping_status":"closed","template":"","meta":{"spay_email":"","jetpack_publicize_message":"","jetpack_is_tweetstorm":false},"aioseo_notices":[],"jetpack_publicize_connections":[],"jetpack_likes_enabled":false,"_links":{"self":[{"href":"https:\/\/dom-polski.fr\/index.php\/wp-json\/wp\/v2\/product\/9141"}],"collection":[{"href":"https:\/\/dom-polski.fr\/index.php\/wp-json\/wp\/v2\/product"}],"about":[{"href":"https:\/\/dom-polski.fr\/index.php\/wp-json\/wp\/v2\/types\/product"}],"replies":[{"embeddable":true,"href":"https:\/\/dom-polski.fr\/index.php\/wp-json\/wp\/v2\/comments?post=9141"}],"wp:featuredmedia":[{"embeddable":true,"href":"https:\/\/dom-polski.fr\/index.php\/wp-json\/wp\/v2\/media\/9873"}],"wp:attachment":[{"href":"https:\/\/dom-polski.fr\/index.php\/wp-json\/wp\/v2\/media?parent=9141"}],"curies":[{"name":"wp","href":"https:\/\/api.w.org\/{rel}","templated":true}]}}