{"id":8870,"date":"2022-04-06T16:11:24","date_gmt":"2022-04-06T14:11:24","guid":{"rendered":"https:\/\/dom-polski.fr\/?post_type=product&#038;p=8870"},"modified":"2022-08-27T23:56:44","modified_gmt":"2022-08-27T21:56:44","slug":"sac-en-coton-blanc-lowicz","status":"publish","type":"product","link":"https:\/\/dom-polski.fr\/index.php\/product\/sac-en-coton-blanc-lowicz\/","title":{"rendered":"Sac en coton &#8211; blanc Lowicz"},"content":{"rendered":"<p><strong>Sac en coton &#8211; noir Lowicz<br \/>\n<\/strong>Un sac en coton &#8211; \u0141owicz noir est un accessoire irrempla\u00e7able lors d&rsquo;une vir\u00e9e shopping, au travail ou en voyage.\u00a0Spacieux et confortable &#8211; gr\u00e2ce \u00e0 lui, vous pouvez accueillir toutes les choses les plus n\u00e9cessaires, mais aussi couvrir le style folklorique o\u00f9 que vous soyez &#8211; au travail, en voyage et m\u00eame lorsque vous visitez un supermarch\u00e9.<\/p>\n<p><strong>Sac en coton &#8211; noir Lowicz :<\/strong><\/p>\n<ul>\n<li>d\u00e9cor\u00e9 d&rsquo;un motif inspir\u00e9 d&rsquo;une d\u00e9coupe folklorique de Lowicz<\/li>\n<li>vous pouvez le porter \u00e0 la fois sur votre \u00e9paule et dans votre main &#8211; il a des poign\u00e9es longues et larges<\/li>\n<li>indispensable dans la garde-robe de tout amateur de folklore<\/li>\n<li>parfait pour un cadeau<\/li>\n<li>pratique et confortable<\/li>\n<li>parfait pour un usage quotidien, au travail et en d\u00e9placement<\/li>\n<li>tissu doux et d\u00e9licat au toucher<\/li>\n<\/ul>\n<p><span class=\"goog-text-highlight\">Motif : \u0141owicki<br \/>\n<\/span><span class=\"\">Dimensions :<\/span><br \/>\n<span class=\"\">&#8211; longueur : 49 cm<\/span><br \/>\n<span class=\"\">&#8211; largeur : 39 cm<\/span><br \/>\n<span class=\"\">&#8211; \u00e9paisseur : 9 cm<\/span><\/p>\n<p>Mati\u00e8re : 100 % coton<br \/>\nA l&rsquo;int\u00e9rieur, une petite poche avec une fermeture \u00e9clair<br \/>\nLavage \u00e0 40\u00b0C<br \/>\nFer max.\u00a0temp\u00e9rature 160 \u00b0C<br \/>\n\u00c9paisseur du mat\u00e9riau : 200 g\/m2<\/p>\n","protected":false},"excerpt":{"rendered":"<p>Sac en coton &#8211; noir Lowicz Un sac en coton &#8211; \u0141owicz noir est un accessoire irrempla\u00e7able lors d&rsquo;une vir\u00e9e shopping, au travail ou en voyage.\u00a0Spacieux et confortable &#8211; gr\u00e2ce <a class=\"more-link\" href=\"https:\/\/dom-polski.fr\/index.php\/product\/sac-en-coton-blanc-lowicz\/\">Afficher la suite \u2192<\/a><\/p>\n","protected":false},"featured_media":8871,"comment_status":"open","ping_status":"closed","template":"","meta":{"spay_email":"","jetpack_publicize_message":"","jetpack_is_tweetstorm":false},"aioseo_notices":[],"jetpack_publicize_connections":[],"jetpack_likes_enabled":false,"_links":{"self":[{"href":"https:\/\/dom-polski.fr\/index.php\/wp-json\/wp\/v2\/product\/8870"}],"collection":[{"href":"https:\/\/dom-polski.fr\/index.php\/wp-json\/wp\/v2\/product"}],"about":[{"href":"https:\/\/dom-polski.fr\/index.php\/wp-json\/wp\/v2\/types\/product"}],"replies":[{"embeddable":true,"href":"https:\/\/dom-polski.fr\/index.php\/wp-json\/wp\/v2\/comments?post=8870"}],"wp:featuredmedia":[{"embeddable":true,"href":"https:\/\/dom-polski.fr\/index.php\/wp-json\/wp\/v2\/media\/8871"}],"wp:attachment":[{"href":"https:\/\/dom-polski.fr\/index.php\/wp-json\/wp\/v2\/media?parent=8870"}],"curies":[{"name":"wp","href":"https:\/\/api.w.org\/{rel}","templated":true}]}}