{"id":8855,"date":"2022-04-06T15:43:49","date_gmt":"2022-04-06T13:43:49","guid":{"rendered":"https:\/\/dom-polski.fr\/?post_type=product&#038;p=8855"},"modified":"2025-02-22T11:19:19","modified_gmt":"2025-02-22T10:19:19","slug":"beurrier-blanc-lowicz","status":"publish","type":"product","link":"https:\/\/dom-polski.fr\/index.php\/product\/beurrier-blanc-lowicz\/","title":{"rendered":"Beurrier blanc Lowicz"},"content":{"rendered":"<p><strong>Maselnica Mariola &#8211; blanc Lowicz<br \/>\n<\/strong>Le beurrier Mariola &#8211; \u0141owicz blanc est un ajout indispensable \u00e0 votre collection de c\u00e9ramiques folkloriques.\u00a0R\u00e9alis\u00e9 en c\u00e9ramique, d\u00e9cor\u00e9 des plus beaux motifs folkloriques, il sera du plus bel effet sur votre table.<\/p>\n<p><strong>Beurrier Mariola &#8211; Lowicz blanc :<br \/>\n<\/strong>Parfait pour un cadeau<br \/>\nIl apportera un sourire sur le visage du destinataire<br \/>\nIl ajoutera de la couleur \u00e0 votre cuisine<br \/>\nIls rendront les petits d\u00e9jeuners et les r\u00e9unions de famille plus agr\u00e9ables<br \/>\nD\u00e9cor\u00e9 d&rsquo;un motif inspir\u00e9 des d\u00e9coupes de Lowicz<br \/>\nEmball\u00e9 dans une \u00e9l\u00e9gante bo\u00eete d\u00e9corative<br \/>\nIl va bien avec les tasses, les carafes et les mugs \u0141owicz<\/p>\n<p><span class=\"\">Dimensions :<\/span><br \/>\n<span class=\"\">&#8211; soucoupe : 10,3 x 10 cm<\/span><br \/>\n<span class=\"\">&#8211; couvercle : 10,5 x 7 cm, hauteur : 6 cm<\/span><\/p>\n","protected":false},"excerpt":{"rendered":"<p>Maselnica Mariola &#8211; blanc Lowicz Le beurrier Mariola &#8211; \u0141owicz blanc est un ajout indispensable \u00e0 votre collection de c\u00e9ramiques folkloriques.\u00a0R\u00e9alis\u00e9 en c\u00e9ramique, d\u00e9cor\u00e9 des plus beaux motifs folkloriques, il <a class=\"more-link\" href=\"https:\/\/dom-polski.fr\/index.php\/product\/beurrier-blanc-lowicz\/\">Afficher la suite \u2192<\/a><\/p>\n","protected":false},"featured_media":8856,"comment_status":"open","ping_status":"closed","template":"","meta":{"spay_email":"","jetpack_publicize_message":"","jetpack_is_tweetstorm":false},"aioseo_notices":[],"jetpack_publicize_connections":[],"jetpack_likes_enabled":false,"_links":{"self":[{"href":"https:\/\/dom-polski.fr\/index.php\/wp-json\/wp\/v2\/product\/8855"}],"collection":[{"href":"https:\/\/dom-polski.fr\/index.php\/wp-json\/wp\/v2\/product"}],"about":[{"href":"https:\/\/dom-polski.fr\/index.php\/wp-json\/wp\/v2\/types\/product"}],"replies":[{"embeddable":true,"href":"https:\/\/dom-polski.fr\/index.php\/wp-json\/wp\/v2\/comments?post=8855"}],"wp:featuredmedia":[{"embeddable":true,"href":"https:\/\/dom-polski.fr\/index.php\/wp-json\/wp\/v2\/media\/8856"}],"wp:attachment":[{"href":"https:\/\/dom-polski.fr\/index.php\/wp-json\/wp\/v2\/media?parent=8855"}],"curies":[{"name":"wp","href":"https:\/\/api.w.org\/{rel}","templated":true}]}}