{"id":8612,"date":"2022-01-26T15:32:21","date_gmt":"2022-01-26T14:32:21","guid":{"rendered":"https:\/\/dom-polski.fr\/?post_type=product&#038;p=8612"},"modified":"2022-06-12T16:13:58","modified_gmt":"2022-06-12T14:13:58","slug":"sac-folklorique-polonais-motif-lowicz-fait-a-la-main","status":"publish","type":"product","link":"https:\/\/dom-polski.fr\/index.php\/product\/sac-folklorique-polonais-motif-lowicz-fait-a-la-main\/","title":{"rendered":"Sac folklorique polonais motif \u0141owicz, fait \u00e0 la main"},"content":{"rendered":"<h1 class=\"wt-text-body-03 wt-line-height-tight wt-break-word\" data-buy-box-listing-title=\"true\">Sac \u00e0 provisions folklorique polonais, sac de magasinage, sac feutr\u00e9, motif \u0141owicz, fait \u00e0 la main.<\/h1>\n<p>Sac \u00e0 provisions folklorique polonais &#8211; motif \u0141owicz<br \/>\nFait de feutre de haute qualit\u00e9, durable, l\u00e9ger et doux.<br \/>\nCon\u00e7u et cousu en Pologne.<br \/>\nCouleur: gris<br \/>\nTaille :<br \/>\nHauteur: 42 cm<br \/>\nLargeur : 40 cm<\/p>\n","protected":false},"excerpt":{"rendered":"<p>Sac \u00e0 provisions folklorique polonais, sac de magasinage, sac feutr\u00e9, motif \u0141owicz, fait \u00e0 la main. Sac \u00e0 provisions folklorique polonais &#8211; motif \u0141owicz Fait de feutre de haute qualit\u00e9, <a class=\"more-link\" href=\"https:\/\/dom-polski.fr\/index.php\/product\/sac-folklorique-polonais-motif-lowicz-fait-a-la-main\/\">Afficher la suite \u2192<\/a><\/p>\n","protected":false},"featured_media":8613,"comment_status":"open","ping_status":"closed","template":"","meta":{"spay_email":"","jetpack_publicize_message":"","jetpack_is_tweetstorm":false},"aioseo_notices":[],"jetpack_publicize_connections":[],"jetpack_likes_enabled":false,"_links":{"self":[{"href":"https:\/\/dom-polski.fr\/index.php\/wp-json\/wp\/v2\/product\/8612"}],"collection":[{"href":"https:\/\/dom-polski.fr\/index.php\/wp-json\/wp\/v2\/product"}],"about":[{"href":"https:\/\/dom-polski.fr\/index.php\/wp-json\/wp\/v2\/types\/product"}],"replies":[{"embeddable":true,"href":"https:\/\/dom-polski.fr\/index.php\/wp-json\/wp\/v2\/comments?post=8612"}],"wp:featuredmedia":[{"embeddable":true,"href":"https:\/\/dom-polski.fr\/index.php\/wp-json\/wp\/v2\/media\/8613"}],"wp:attachment":[{"href":"https:\/\/dom-polski.fr\/index.php\/wp-json\/wp\/v2\/media?parent=8612"}],"curies":[{"name":"wp","href":"https:\/\/api.w.org\/{rel}","templated":true}]}}