{"id":8606,"date":"2022-01-26T15:16:52","date_gmt":"2022-01-26T14:16:52","guid":{"rendered":"https:\/\/dom-polski.fr\/?post_type=product&#038;p=8606"},"modified":"2025-08-14T10:50:41","modified_gmt":"2025-08-14T08:50:41","slug":"paillasson-40-x-60-cm-noir-lowicz","status":"publish","type":"product","link":"https:\/\/dom-polski.fr\/index.php\/product\/paillasson-40-x-60-cm-noir-lowicz\/","title":{"rendered":"Paillasson 40 x 60 cm &#8211; noir \u0141owicz"},"content":{"rendered":"<p><strong>Paillasson 40 x 60 cm &#8211; noir \u0141owicz<br \/>\n<\/strong>Paillasson pour la maison &#8211; \u0141owicz noir est un ajout pratique \u00e0 votre maison.\u00a0En m\u00eame temps, il nettoiera vos chaussures avant d&rsquo;entrer et d\u00e9corera votre chambre.\u00a0Gr\u00e2ce \u00e0 la couche suppl\u00e9mentaire de caoutchouc sur la face inf\u00e9rieure, le paillasson ne glissera pas sur le sol.\u00a0Accueillez vos invit\u00e9s dans un style folklorique !<\/p>\n<p><strong>Paillasson 40 x 60 cm<br \/>\n<\/strong>&#8211; ajout \u00e0 la maison<br \/>\n&#8211; d\u00e9cor\u00e9 d&rsquo;un motif tir\u00e9 de d\u00e9coupes de Lowicz<br \/>\n&#8211; il absorbe parfaitement la poussi\u00e8re, la boue et autres impuret\u00e9s<br \/>\n&#8211; il peut \u00eatre utilis\u00e9 aussi bien \u00e0 l&rsquo;int\u00e9rieur qu&rsquo;\u00e0 l&rsquo;ext\u00e9rieur<br \/>\n&#8211; parfait pour un cadeau<\/p>\n","protected":false},"excerpt":{"rendered":"<p>Paillasson 40 x 60 cm &#8211; noir \u0141owicz Paillasson pour la maison &#8211; \u0141owicz noir est un ajout pratique \u00e0 votre maison.\u00a0En m\u00eame temps, il nettoiera vos chaussures avant d&rsquo;entrer <a class=\"more-link\" href=\"https:\/\/dom-polski.fr\/index.php\/product\/paillasson-40-x-60-cm-noir-lowicz\/\">Afficher la suite \u2192<\/a><\/p>\n","protected":false},"featured_media":8607,"comment_status":"open","ping_status":"closed","template":"","meta":{"spay_email":"","jetpack_publicize_message":"","jetpack_is_tweetstorm":false},"aioseo_notices":[],"jetpack_publicize_connections":[],"jetpack_likes_enabled":false,"_links":{"self":[{"href":"https:\/\/dom-polski.fr\/index.php\/wp-json\/wp\/v2\/product\/8606"}],"collection":[{"href":"https:\/\/dom-polski.fr\/index.php\/wp-json\/wp\/v2\/product"}],"about":[{"href":"https:\/\/dom-polski.fr\/index.php\/wp-json\/wp\/v2\/types\/product"}],"replies":[{"embeddable":true,"href":"https:\/\/dom-polski.fr\/index.php\/wp-json\/wp\/v2\/comments?post=8606"}],"wp:featuredmedia":[{"embeddable":true,"href":"https:\/\/dom-polski.fr\/index.php\/wp-json\/wp\/v2\/media\/8607"}],"wp:attachment":[{"href":"https:\/\/dom-polski.fr\/index.php\/wp-json\/wp\/v2\/media?parent=8606"}],"curies":[{"name":"wp","href":"https:\/\/api.w.org\/{rel}","templated":true}]}}