{"id":842,"date":"2018-02-10T16:05:15","date_gmt":"2018-02-10T15:05:15","guid":{"rendered":"http:\/\/dom-polski.fr\/?post_type=product&#038;p=842"},"modified":"2018-02-10T16:05:15","modified_gmt":"2018-02-10T15:05:15","slug":"babouchka-ksenia-3-pieces","status":"publish","type":"product","link":"https:\/\/dom-polski.fr\/index.php\/product\/babouchka-ksenia-3-pieces\/","title":{"rendered":"Babouchka Ksenia 3 pi\u00e8ces"},"content":{"rendered":"<p>Cette babouchka est peinte \u00e0 la main. Les poup\u00e9es polonaises ont une base en bois de tilleul. Une seule pi\u00e8ce de bois permet la d\u00e9coupe de l&rsquo;ensemble. Autrefois la babouchka repr\u00e9sentait la famille, on pouvait voir sur chaque pi\u00e8ce un membre de la famille ou bien des motifs floraux avec des couleurs vives, rouge, vert, jaune et bleu.<\/p>\n","protected":false},"excerpt":{"rendered":"<p>Hauteur de la plus grande pi\u00e8ce : 10,50 cm env.<\/p>\n<p>Nombre de pi\u00e8ces : 3<\/p>\n<p>Fabrication : Artisanale<\/p>\n<p>Couleur : Bleu\/Rouge <a class=\"more-link\" href=\"https:\/\/dom-polski.fr\/index.php\/product\/babouchka-ksenia-3-pieces\/\">Afficher la suite \u2192<\/a><\/p>\n","protected":false},"featured_media":843,"comment_status":"open","ping_status":"closed","template":"","meta":{"spay_email":"","jetpack_publicize_message":"","jetpack_is_tweetstorm":false},"aioseo_notices":[],"jetpack_publicize_connections":[],"jetpack_likes_enabled":false,"_links":{"self":[{"href":"https:\/\/dom-polski.fr\/index.php\/wp-json\/wp\/v2\/product\/842"}],"collection":[{"href":"https:\/\/dom-polski.fr\/index.php\/wp-json\/wp\/v2\/product"}],"about":[{"href":"https:\/\/dom-polski.fr\/index.php\/wp-json\/wp\/v2\/types\/product"}],"replies":[{"embeddable":true,"href":"https:\/\/dom-polski.fr\/index.php\/wp-json\/wp\/v2\/comments?post=842"}],"wp:featuredmedia":[{"embeddable":true,"href":"https:\/\/dom-polski.fr\/index.php\/wp-json\/wp\/v2\/media\/843"}],"wp:attachment":[{"href":"https:\/\/dom-polski.fr\/index.php\/wp-json\/wp\/v2\/media?parent=842"}],"curies":[{"name":"wp","href":"https:\/\/api.w.org\/{rel}","templated":true}]}}