{"id":8340,"date":"2021-12-01T11:28:43","date_gmt":"2021-12-01T10:28:43","guid":{"rendered":"https:\/\/dom-polski.fr\/?post_type=product&#038;p=8340"},"modified":"2025-12-18T22:56:24","modified_gmt":"2025-12-18T21:56:24","slug":"duo-pain-depices-190-g-tago","status":"publish","type":"product","link":"https:\/\/dom-polski.fr\/index.php\/product\/duo-pain-depices-190-g-tago\/","title":{"rendered":"Duo pain d&rsquo;\u00e9pices 190 g Tago"},"content":{"rendered":"<p>Les biscuits au pain d&rsquo;\u00e9pice de Torun sont fabriqu\u00e9s par la marque Kopernik, l&rsquo;une des plus anciennes entreprises de confiserie en Pologne et dans le monde. La premi\u00e8re recette des biscuits au pain d&rsquo;\u00e9pice de Torun date du XIVe si\u00e8cle ; aujourd\u2019hui, elle est surveill\u00e9e et connue seulement de quelques-uns&#8230; Heureusement, il est possible de go\u00fbter les biscuits au pain d&rsquo;\u00e9pice partout en Pologne !<\/p>\n<p>&nbsp;<\/p>\n<p>&nbsp;<\/p>\n","protected":false},"excerpt":{"rendered":"<p><span class=\"\">Ingr\u00e9dients : Farine de bl\u00e9, sucre, sirop de glucose-fructose, graisse de palme, cacao all\u00e9g\u00e9, f\u00e9cule de pomme de terre, poudres \u00e0 lever : carbonates de potassium, carbonates d&rsquo;ammonium ; <\/span>huile de colza, colorants : carbonate de calcium, caramel ;\u00a0\u00e9pices, agent d&rsquo;enrobage : g\u00e9latine ;\u00a0albumine (\u0153ufs), \u00e9mulsifiant : l\u00e9cithine ;\u00a0ar\u00f4me.<br \/>\nNombre de pain d&rsquo;\u00e9pices : 6<br \/>\nAllerg\u00e8nes :<br \/>\nContient : Graines de s\u00e9same, c\u00e9r\u00e9ales, cacahu\u00e8tes, bl\u00e9, \u0153ufs, lait et soja.<br \/>\nPeu contenir : Arachides <a class=\"more-link\" href=\"https:\/\/dom-polski.fr\/index.php\/product\/duo-pain-depices-190-g-tago\/\">Afficher la suite \u2192<\/a><\/p>\n","protected":false},"featured_media":8341,"comment_status":"open","ping_status":"closed","template":"","meta":{"spay_email":"","jetpack_publicize_message":"","jetpack_is_tweetstorm":false},"aioseo_notices":[],"jetpack_publicize_connections":[],"jetpack_likes_enabled":false,"_links":{"self":[{"href":"https:\/\/dom-polski.fr\/index.php\/wp-json\/wp\/v2\/product\/8340"}],"collection":[{"href":"https:\/\/dom-polski.fr\/index.php\/wp-json\/wp\/v2\/product"}],"about":[{"href":"https:\/\/dom-polski.fr\/index.php\/wp-json\/wp\/v2\/types\/product"}],"replies":[{"embeddable":true,"href":"https:\/\/dom-polski.fr\/index.php\/wp-json\/wp\/v2\/comments?post=8340"}],"wp:featuredmedia":[{"embeddable":true,"href":"https:\/\/dom-polski.fr\/index.php\/wp-json\/wp\/v2\/media\/8341"}],"wp:attachment":[{"href":"https:\/\/dom-polski.fr\/index.php\/wp-json\/wp\/v2\/media?parent=8340"}],"curies":[{"name":"wp","href":"https:\/\/api.w.org\/{rel}","templated":true}]}}