{"id":8328,"date":"2021-12-01T10:35:18","date_gmt":"2021-12-01T09:35:18","guid":{"rendered":"https:\/\/dom-polski.fr\/?post_type=product&#038;p=8328"},"modified":"2024-12-14T13:13:08","modified_gmt":"2024-12-14T12:13:08","slug":"chalwa-canneberges-et-pain-depices-250-g-e-wedel","status":"publish","type":"product","link":"https:\/\/dom-polski.fr\/index.php\/product\/chalwa-canneberges-et-pain-depices-250-g-e-wedel\/","title":{"rendered":"Chalwa canneberges et pain d&rsquo;\u00e9pices 250 g E. Wedel"},"content":{"rendered":"<p>Ingr\u00e9dients : <span class=\"goog-text-highlight\">Pulpe de s\u00e9same (48 %), sirop de glucose, sucre, morceaux de canneberge 9 % (canneberge 60 %, sucre, farine de riz, huile de tournesol), graisse v\u00e9g\u00e9tale (palme), \u00e9pice pain d&rsquo;\u00e9pice 0,3 % (cannelle 55 %, clous de girofle, coriandre, muscade, gingembre, cardamome, poivre noir), sel, blanc d&rsquo;\u0153uf en poudre. <\/span>peut contenir des arachides, des noix, des c\u00e9r\u00e9ales (gluten), du soja.<br \/>\nAllerg\u00e8nes :<br \/>\nContient : \u0152ufs\u00a0et graines de s\u00e9same.<br \/>\nPeut\u00a0contenir : C\u00e9r\u00e9ales, soja, arachides et cacahu\u00e8tes.<\/p>\n","protected":false},"excerpt":{"rendered":"<p>Ingr\u00e9dients : Pulpe de s\u00e9same (48 %), sirop de glucose, sucre, morceaux de canneberge 9 % (canneberge 60 %, sucre, farine de riz, huile de tournesol), graisse v\u00e9g\u00e9tale (palme), \u00e9pice <a class=\"more-link\" href=\"https:\/\/dom-polski.fr\/index.php\/product\/chalwa-canneberges-et-pain-depices-250-g-e-wedel\/\">Afficher la suite \u2192<\/a><\/p>\n","protected":false},"featured_media":8329,"comment_status":"open","ping_status":"closed","template":"","meta":{"spay_email":"","jetpack_publicize_message":"","jetpack_is_tweetstorm":false},"aioseo_notices":[],"jetpack_publicize_connections":[],"jetpack_likes_enabled":false,"_links":{"self":[{"href":"https:\/\/dom-polski.fr\/index.php\/wp-json\/wp\/v2\/product\/8328"}],"collection":[{"href":"https:\/\/dom-polski.fr\/index.php\/wp-json\/wp\/v2\/product"}],"about":[{"href":"https:\/\/dom-polski.fr\/index.php\/wp-json\/wp\/v2\/types\/product"}],"replies":[{"embeddable":true,"href":"https:\/\/dom-polski.fr\/index.php\/wp-json\/wp\/v2\/comments?post=8328"}],"wp:featuredmedia":[{"embeddable":true,"href":"https:\/\/dom-polski.fr\/index.php\/wp-json\/wp\/v2\/media\/8329"}],"wp:attachment":[{"href":"https:\/\/dom-polski.fr\/index.php\/wp-json\/wp\/v2\/media?parent=8328"}],"curies":[{"name":"wp","href":"https:\/\/api.w.org\/{rel}","templated":true}]}}