{"id":8300,"date":"2021-11-28T17:36:18","date_gmt":"2021-11-28T16:36:18","guid":{"rendered":"https:\/\/dom-polski.fr\/?post_type=product&#038;p=8300"},"modified":"2021-11-29T10:56:53","modified_gmt":"2021-11-29T09:56:53","slug":"panier-gourmand-peches-sucres","status":"publish","type":"product","link":"https:\/\/dom-polski.fr\/index.php\/product\/panier-gourmand-peches-sucres\/","title":{"rendered":"Panier-gourmand \u00ab\u00a0P\u00each\u00e9s sucr\u00e9s\u00a0\u00bb"},"content":{"rendered":"<p>Le panier comprend : 1 p\u00e2te de fruits \u00ab\u00a0Makarena\u00a0\u00bb, 1 babouchka 5 pi\u00e8ces, 1 krowki (caramel), 1 pain d&rsquo;\u00e9pices et 1 mug.<br \/>\nLe panier est exp\u00e9di\u00e9 en \u00ab\u00a0kit\u00a0\u00bb \u00e0 dresser soi-m\u00eame dans un souci de transport.<\/p>\n","protected":false},"excerpt":{"rendered":"<p>Le panier comprend : 1 p\u00e2te de fruits \u00ab\u00a0Makarena\u00a0\u00bb, 1 babouchka 5 pi\u00e8ces, 1 krowki (caramel), 1 pain d&rsquo;\u00e9pices et 1 mug. Le panier est exp\u00e9di\u00e9 en \u00ab\u00a0kit\u00a0\u00bb \u00e0 dresser <a class=\"more-link\" href=\"https:\/\/dom-polski.fr\/index.php\/product\/panier-gourmand-peches-sucres\/\">Afficher la suite \u2192<\/a><\/p>\n","protected":false},"featured_media":8301,"comment_status":"open","ping_status":"closed","template":"","meta":{"spay_email":"","jetpack_publicize_message":"","jetpack_is_tweetstorm":false},"aioseo_notices":[],"jetpack_publicize_connections":[],"jetpack_likes_enabled":false,"_links":{"self":[{"href":"https:\/\/dom-polski.fr\/index.php\/wp-json\/wp\/v2\/product\/8300"}],"collection":[{"href":"https:\/\/dom-polski.fr\/index.php\/wp-json\/wp\/v2\/product"}],"about":[{"href":"https:\/\/dom-polski.fr\/index.php\/wp-json\/wp\/v2\/types\/product"}],"replies":[{"embeddable":true,"href":"https:\/\/dom-polski.fr\/index.php\/wp-json\/wp\/v2\/comments?post=8300"}],"wp:featuredmedia":[{"embeddable":true,"href":"https:\/\/dom-polski.fr\/index.php\/wp-json\/wp\/v2\/media\/8301"}],"wp:attachment":[{"href":"https:\/\/dom-polski.fr\/index.php\/wp-json\/wp\/v2\/media?parent=8300"}],"curies":[{"name":"wp","href":"https:\/\/api.w.org\/{rel}","templated":true}]}}