{"id":8276,"date":"2021-11-10T12:08:26","date_gmt":"2021-11-10T11:08:26","guid":{"rendered":"https:\/\/dom-polski.fr\/?post_type=product&#038;p=8276"},"modified":"2024-01-25T16:15:45","modified_gmt":"2024-01-25T15:15:45","slug":"babouchka-fermiere-5pieces","status":"publish","type":"product","link":"https:\/\/dom-polski.fr\/index.php\/product\/babouchka-fermiere-5pieces\/","title":{"rendered":"Babouchka fermi\u00e8re 5 pi\u00e8ces"},"content":{"rendered":"<p>Dimension de la plus grande poup\u00e9e : 15,00 cm<br \/>\nDimension de la plus petite poup\u00e9e : 7,50 cm env.<br \/>\nNombre de poup\u00e9es : 5<br \/>\nMati\u00e8re : Bois<\/p>\n","protected":false},"excerpt":{"rendered":"<p>Dimension de la plus grande poup\u00e9e : 15,00 cm Dimension de la plus petite poup\u00e9e : 7,50 cm env. Nombre de poup\u00e9es : 5 Mati\u00e8re : Bois<\/p>\n","protected":false},"featured_media":8277,"comment_status":"open","ping_status":"closed","template":"","meta":{"spay_email":"","jetpack_publicize_message":"","jetpack_is_tweetstorm":false},"aioseo_notices":[],"jetpack_publicize_connections":[],"jetpack_likes_enabled":false,"_links":{"self":[{"href":"https:\/\/dom-polski.fr\/index.php\/wp-json\/wp\/v2\/product\/8276"}],"collection":[{"href":"https:\/\/dom-polski.fr\/index.php\/wp-json\/wp\/v2\/product"}],"about":[{"href":"https:\/\/dom-polski.fr\/index.php\/wp-json\/wp\/v2\/types\/product"}],"replies":[{"embeddable":true,"href":"https:\/\/dom-polski.fr\/index.php\/wp-json\/wp\/v2\/comments?post=8276"}],"wp:featuredmedia":[{"embeddable":true,"href":"https:\/\/dom-polski.fr\/index.php\/wp-json\/wp\/v2\/media\/8277"}],"wp:attachment":[{"href":"https:\/\/dom-polski.fr\/index.php\/wp-json\/wp\/v2\/media?parent=8276"}],"curies":[{"name":"wp","href":"https:\/\/api.w.org\/{rel}","templated":true}]}}