{"id":8262,"date":"2021-11-10T09:49:33","date_gmt":"2021-11-10T08:49:33","guid":{"rendered":"https:\/\/dom-polski.fr\/?post_type=product&#038;p=8262"},"modified":"2021-12-13T19:45:24","modified_gmt":"2021-12-13T18:45:24","slug":"gant-de-cuisine-cacouche-b","status":"publish","type":"product","link":"https:\/\/dom-polski.fr\/index.php\/product\/gant-de-cuisine-cacouche-b\/","title":{"rendered":"Gant de cuisine Cachoube B"},"content":{"rendered":"<div class=\"boxhead\">\n<h3>DESCRIPTION<\/h3>\n<\/div>\n<div class=\"innerbox\">\n<div class=\"resetcss\">\n<p>Un souvenir pratique et un cadeau de Kashubia.<br \/>\nIl prot\u00e9gera vos mains des br\u00fblures.<br \/>\nFormat : 13,5 x 30 cm.<br \/>\nType de mat\u00e9riau drelich 280 g avec un tissage \u00e9pais comme du lin.<br \/>\nGraphiques en couleur sur un c\u00f4t\u00e9 du gant.<br \/>\nMat\u00e9riau recouvert de t\u00e9flon \u00e0 l\u2019int\u00e9rieur.<br \/>\nRognage des couleurs correspondant aux graphiques.<br \/>\nDisque magn\u00e9tique cousu pour attacher le gant \u00e0 la surface m\u00e9tallique et une boucle pour accrocher au crochet.<\/p>\n<\/div>\n<\/div>\n","protected":false},"excerpt":{"rendered":"<p>DESCRIPTION Un souvenir pratique et un cadeau de Kashubia. Il prot\u00e9gera vos mains des br\u00fblures. Format : 13,5 x 30 cm. Type de mat\u00e9riau drelich 280 g avec un tissage <a class=\"more-link\" href=\"https:\/\/dom-polski.fr\/index.php\/product\/gant-de-cuisine-cacouche-b\/\">Afficher la suite \u2192<\/a><\/p>\n","protected":false},"featured_media":8263,"comment_status":"open","ping_status":"closed","template":"","meta":{"spay_email":"","jetpack_publicize_message":"","jetpack_is_tweetstorm":false},"aioseo_notices":[],"jetpack_publicize_connections":[],"jetpack_likes_enabled":false,"_links":{"self":[{"href":"https:\/\/dom-polski.fr\/index.php\/wp-json\/wp\/v2\/product\/8262"}],"collection":[{"href":"https:\/\/dom-polski.fr\/index.php\/wp-json\/wp\/v2\/product"}],"about":[{"href":"https:\/\/dom-polski.fr\/index.php\/wp-json\/wp\/v2\/types\/product"}],"replies":[{"embeddable":true,"href":"https:\/\/dom-polski.fr\/index.php\/wp-json\/wp\/v2\/comments?post=8262"}],"wp:featuredmedia":[{"embeddable":true,"href":"https:\/\/dom-polski.fr\/index.php\/wp-json\/wp\/v2\/media\/8263"}],"wp:attachment":[{"href":"https:\/\/dom-polski.fr\/index.php\/wp-json\/wp\/v2\/media?parent=8262"}],"curies":[{"name":"wp","href":"https:\/\/api.w.org\/{rel}","templated":true}]}}