{"id":8228,"date":"2021-11-03T15:50:05","date_gmt":"2021-11-03T14:50:05","guid":{"rendered":"https:\/\/dom-polski.fr\/?post_type=product&#038;p=8228"},"modified":"2025-03-12T21:55:06","modified_gmt":"2025-03-12T20:55:06","slug":"cappuccino-saveur-de-beurre-darachide-192-g-24-g-x-8-mokate","status":"publish","type":"product","link":"https:\/\/dom-polski.fr\/index.php\/product\/cappuccino-saveur-de-beurre-darachide-192-g-24-g-x-8-mokate\/","title":{"rendered":"Cappuccino saveur de beurre d&rsquo;arachide 192 g (24 g x 8) Mokate"},"content":{"rendered":"<p><span class=\"goog-text-highlight\">Ingr\u00e9dients : Base de lait [lait \u00e9cr\u00e9m\u00e9 en poudre (28 %), huiles v\u00e9g\u00e9tales (noix de coco, palmiste en proportion variable), sirop de glucose, lactos\u00e9rum en poudre (lait), prot\u00e9ines de lait, correcteurs d&rsquo;acidit\u00e9 : phosphates de potassium, polyphosphates, citrates de sodium ; <\/span>\u00e9mulsifiant : mono- et diglyc\u00e9rides d&rsquo;acides gras, anti-agglom\u00e9rant : dioxyde de silicium], sucre, caf\u00e9 [caf\u00e9 instantan\u00e9 (6,95 %) ;\u00a0caf\u00e9 torr\u00e9fi\u00e9, finement moulu (0,05 %)], ar\u00f4mes, sel.<br \/>\nAllerg\u00e8nes :<br \/>\nContient : Lait.<br \/>\nPeut contenir : C\u00e9r\u00e9ales\u00a0et soja.<\/p>\n","protected":false},"excerpt":{"rendered":"<p>Ingr\u00e9dients : Base de lait [lait \u00e9cr\u00e9m\u00e9 en poudre (28 %), huiles v\u00e9g\u00e9tales (noix de coco, palmiste en proportion variable), sirop de glucose, lactos\u00e9rum en poudre (lait), prot\u00e9ines de lait, <a class=\"more-link\" href=\"https:\/\/dom-polski.fr\/index.php\/product\/cappuccino-saveur-de-beurre-darachide-192-g-24-g-x-8-mokate\/\">Afficher la suite \u2192<\/a><\/p>\n","protected":false},"featured_media":8229,"comment_status":"open","ping_status":"closed","template":"","meta":{"spay_email":"","jetpack_publicize_message":"","jetpack_is_tweetstorm":false},"aioseo_notices":[],"jetpack_publicize_connections":[],"jetpack_likes_enabled":false,"_links":{"self":[{"href":"https:\/\/dom-polski.fr\/index.php\/wp-json\/wp\/v2\/product\/8228"}],"collection":[{"href":"https:\/\/dom-polski.fr\/index.php\/wp-json\/wp\/v2\/product"}],"about":[{"href":"https:\/\/dom-polski.fr\/index.php\/wp-json\/wp\/v2\/types\/product"}],"replies":[{"embeddable":true,"href":"https:\/\/dom-polski.fr\/index.php\/wp-json\/wp\/v2\/comments?post=8228"}],"wp:featuredmedia":[{"embeddable":true,"href":"https:\/\/dom-polski.fr\/index.php\/wp-json\/wp\/v2\/media\/8229"}],"wp:attachment":[{"href":"https:\/\/dom-polski.fr\/index.php\/wp-json\/wp\/v2\/media?parent=8228"}],"curies":[{"name":"wp","href":"https:\/\/api.w.org\/{rel}","templated":true}]}}