{"id":8208,"date":"2021-11-03T09:27:47","date_gmt":"2021-11-03T08:27:47","guid":{"rendered":"https:\/\/dom-polski.fr\/?post_type=product&#038;p=8208"},"modified":"2024-04-01T19:55:58","modified_gmt":"2024-04-01T17:55:58","slug":"chales-avec-franges-120-x-120-bleu","status":"publish","type":"product","link":"https:\/\/dom-polski.fr\/index.php\/product\/chales-avec-franges-120-x-120-bleu\/","title":{"rendered":"Ch\u00e2le avec franges 120 x 120 bleu"},"content":{"rendered":"<p>Mati\u00e8re : 100 % coton<br \/>\nDimensions: 120 x 120 cm<br \/>\nA de longues franges en laine<br \/>\nLes foulards folkloriques ont la forme d\u2019un carr\u00e9<br \/>\nest d\u00e9cor\u00e9 de fleurs &#8211; motifs de la r\u00e9gion des Highlander<br \/>\nFait \u00e0 la main, de sorte que le motif peut diff\u00e9rer de celui pr\u00e9sent\u00e9<br \/>\nL\u2019\u00e9charpe en coton avec glands est un accessoire \u00e0 la mode et un compl\u00e9ment \u00e0 la tenue pour toute saison de l\u2019ann\u00e9e<br \/>\nAutrefois, les foulards folkloriques \u00e9taient un \u00e9l\u00e9ment ins\u00e9parable du costume folklorique des femmes dans presque toutes les r\u00e9gions de la Pologne.<\/p>\n","protected":false},"excerpt":{"rendered":"<p>Mati\u00e8re : 100 % coton Dimensions: 120 x 120 cm A de longues franges en laine Les foulards folkloriques ont la forme d\u2019un carr\u00e9 est d\u00e9cor\u00e9 de fleurs &#8211; motifs <a class=\"more-link\" href=\"https:\/\/dom-polski.fr\/index.php\/product\/chales-avec-franges-120-x-120-bleu\/\">Afficher la suite \u2192<\/a><\/p>\n","protected":false},"featured_media":8198,"comment_status":"open","ping_status":"closed","template":"","meta":{"spay_email":"","jetpack_publicize_message":"","jetpack_is_tweetstorm":false},"aioseo_notices":[],"jetpack_publicize_connections":[],"jetpack_likes_enabled":false,"_links":{"self":[{"href":"https:\/\/dom-polski.fr\/index.php\/wp-json\/wp\/v2\/product\/8208"}],"collection":[{"href":"https:\/\/dom-polski.fr\/index.php\/wp-json\/wp\/v2\/product"}],"about":[{"href":"https:\/\/dom-polski.fr\/index.php\/wp-json\/wp\/v2\/types\/product"}],"replies":[{"embeddable":true,"href":"https:\/\/dom-polski.fr\/index.php\/wp-json\/wp\/v2\/comments?post=8208"}],"wp:featuredmedia":[{"embeddable":true,"href":"https:\/\/dom-polski.fr\/index.php\/wp-json\/wp\/v2\/media\/8198"}],"wp:attachment":[{"href":"https:\/\/dom-polski.fr\/index.php\/wp-json\/wp\/v2\/media?parent=8208"}],"curies":[{"name":"wp","href":"https:\/\/api.w.org\/{rel}","templated":true}]}}