{"id":8182,"date":"2021-10-27T15:55:00","date_gmt":"2021-10-27T13:55:00","guid":{"rendered":"https:\/\/dom-polski.fr\/?post_type=product&#038;p=8182"},"modified":"2023-11-25T21:55:10","modified_gmt":"2023-11-25T20:55:10","slug":"presse-papiers-lowicz","status":"publish","type":"product","link":"https:\/\/dom-polski.fr\/index.php\/product\/presse-papiers-lowicz\/","title":{"rendered":"Presse-papiers Lowicz"},"content":{"rendered":"<p>Dimensions :<br \/>\nHauteur : 32,00 cm<br \/>\nLargeur : 22,00 cm<br \/>\nTaille adapt\u00e9e au format A4<br \/>\nFabriqu\u00e9 en carton (2 mm)<br \/>\nClip m\u00e9tallique<\/p>\n","protected":false},"excerpt":{"rendered":"<p>Dimensions : Hauteur : 32,00 cm Largeur : 22,00 cm Taille adapt\u00e9e au format A4 Fabriqu\u00e9 en carton (2 mm) Clip m\u00e9tallique<\/p>\n","protected":false},"featured_media":8177,"comment_status":"open","ping_status":"closed","template":"","meta":{"spay_email":"","jetpack_publicize_message":"","jetpack_is_tweetstorm":false},"aioseo_notices":[],"jetpack_publicize_connections":[],"jetpack_likes_enabled":false,"_links":{"self":[{"href":"https:\/\/dom-polski.fr\/index.php\/wp-json\/wp\/v2\/product\/8182"}],"collection":[{"href":"https:\/\/dom-polski.fr\/index.php\/wp-json\/wp\/v2\/product"}],"about":[{"href":"https:\/\/dom-polski.fr\/index.php\/wp-json\/wp\/v2\/types\/product"}],"replies":[{"embeddable":true,"href":"https:\/\/dom-polski.fr\/index.php\/wp-json\/wp\/v2\/comments?post=8182"}],"wp:featuredmedia":[{"embeddable":true,"href":"https:\/\/dom-polski.fr\/index.php\/wp-json\/wp\/v2\/media\/8177"}],"wp:attachment":[{"href":"https:\/\/dom-polski.fr\/index.php\/wp-json\/wp\/v2\/media?parent=8182"}],"curies":[{"name":"wp","href":"https:\/\/api.w.org\/{rel}","templated":true}]}}