{"id":8175,"date":"2021-10-27T15:43:31","date_gmt":"2021-10-27T13:43:31","guid":{"rendered":"https:\/\/dom-polski.fr\/?post_type=product&#038;p=8175"},"modified":"2024-10-25T17:16:42","modified_gmt":"2024-10-25T15:16:42","slug":"lot-de-7-boules-motif-opole","status":"publish","type":"product","link":"https:\/\/dom-polski.fr\/index.php\/product\/lot-de-7-boules-motif-opole\/","title":{"rendered":"Lot de 7 boules motif Opole"},"content":{"rendered":"<p>7 boules de No\u00ebl en plastique avec motif Opole.<br \/>\nDiam\u00e8tre de la boule : 8,00 cm.<br \/>\nChaque boule a un ruban pour l&rsquo;accrocher sur le sapin de No\u00ebl.<\/p>\n","protected":false},"excerpt":{"rendered":"<p>7 boules de No\u00ebl en plastique avec motif Opole. Diam\u00e8tre de la boule : 8,00 cm. Chaque boule a un ruban pour l&rsquo;accrocher sur le sapin de No\u00ebl.<\/p>\n","protected":false},"featured_media":8168,"comment_status":"open","ping_status":"closed","template":"","meta":{"spay_email":"","jetpack_publicize_message":"","jetpack_is_tweetstorm":false},"aioseo_notices":[],"jetpack_publicize_connections":[],"jetpack_likes_enabled":false,"_links":{"self":[{"href":"https:\/\/dom-polski.fr\/index.php\/wp-json\/wp\/v2\/product\/8175"}],"collection":[{"href":"https:\/\/dom-polski.fr\/index.php\/wp-json\/wp\/v2\/product"}],"about":[{"href":"https:\/\/dom-polski.fr\/index.php\/wp-json\/wp\/v2\/types\/product"}],"replies":[{"embeddable":true,"href":"https:\/\/dom-polski.fr\/index.php\/wp-json\/wp\/v2\/comments?post=8175"}],"wp:featuredmedia":[{"embeddable":true,"href":"https:\/\/dom-polski.fr\/index.php\/wp-json\/wp\/v2\/media\/8168"}],"wp:attachment":[{"href":"https:\/\/dom-polski.fr\/index.php\/wp-json\/wp\/v2\/media?parent=8175"}],"curies":[{"name":"wp","href":"https:\/\/api.w.org\/{rel}","templated":true}]}}