{"id":8115,"date":"2021-10-27T11:34:13","date_gmt":"2021-10-27T09:34:13","guid":{"rendered":"https:\/\/dom-polski.fr\/?post_type=product&#038;p=8115"},"modified":"2024-12-04T17:54:27","modified_gmt":"2024-12-04T16:54:27","slug":"the-aux-feuilles-de-menthe-fort-20-sachets-de-150-g-vitax","status":"publish","type":"product","link":"https:\/\/dom-polski.fr\/index.php\/product\/the-aux-feuilles-de-menthe-fort-20-sachets-de-150-g-vitax\/","title":{"rendered":"Th\u00e9 aux feuilles de menthe fort (20 sachets de 1,50 g) Vitax"},"content":{"rendered":"<p>Ingr\u00e9dients : Menthe poivr\u00e9e (98 %), huile de menthe poivr\u00e9e (2 %).<br \/>\nAllerg\u00e8nes : Pas de traces<\/p>\n","protected":false},"excerpt":{"rendered":"<p>La TISANE FORTE \u00c0 LA MENTHE SOUTIENT LA DIGESTION ET RAFRA\u00ceCHIT Les herbes soigneusement s\u00e9lectionn\u00e9es vous donneront la richesse de la nature. La menthe contribue au bon fonctionnement du syst\u00e8me digestif, soutient les processus digestifs et soutient le syst\u00e8me immunitaire. L\u2019ajout d\u2019huile de menthe poivr\u00e9e renforce l\u2019effet rafra\u00eechissant. Une alimentation \u00e9quilibr\u00e9e et un mode de vie sain sont des \u00e9l\u00e9ments importants pour maintenir une bonne sant\u00e9. Une tasse correspond \u00e0 200 ml de boisson. Buvez 2 fois par jour pour 1 sachet de perfusion (200 ml). <a class=\"more-link\" href=\"https:\/\/dom-polski.fr\/index.php\/product\/the-aux-feuilles-de-menthe-fort-20-sachets-de-150-g-vitax\/\">Afficher la suite \u2192<\/a><\/p>\n","protected":false},"featured_media":8116,"comment_status":"open","ping_status":"closed","template":"","meta":{"spay_email":"","jetpack_publicize_message":"","jetpack_is_tweetstorm":false},"aioseo_notices":[],"jetpack_publicize_connections":[],"jetpack_likes_enabled":false,"_links":{"self":[{"href":"https:\/\/dom-polski.fr\/index.php\/wp-json\/wp\/v2\/product\/8115"}],"collection":[{"href":"https:\/\/dom-polski.fr\/index.php\/wp-json\/wp\/v2\/product"}],"about":[{"href":"https:\/\/dom-polski.fr\/index.php\/wp-json\/wp\/v2\/types\/product"}],"replies":[{"embeddable":true,"href":"https:\/\/dom-polski.fr\/index.php\/wp-json\/wp\/v2\/comments?post=8115"}],"wp:featuredmedia":[{"embeddable":true,"href":"https:\/\/dom-polski.fr\/index.php\/wp-json\/wp\/v2\/media\/8116"}],"wp:attachment":[{"href":"https:\/\/dom-polski.fr\/index.php\/wp-json\/wp\/v2\/media?parent=8115"}],"curies":[{"name":"wp","href":"https:\/\/api.w.org\/{rel}","templated":true}]}}