{"id":8108,"date":"2021-10-27T11:20:12","date_gmt":"2021-10-27T09:20:12","guid":{"rendered":"https:\/\/dom-polski.fr\/?post_type=product&#038;p=8108"},"modified":"2024-06-02T02:29:42","modified_gmt":"2024-06-02T00:29:42","slug":"choucroute-frit-pasteurisee-480-g-provitus","status":"publish","type":"product","link":"https:\/\/dom-polski.fr\/index.php\/product\/choucroute-frit-pasteurisee-480-g-provitus\/","title":{"rendered":"Choucroute frit pasteuris\u00e9e 480 g Provitus"},"content":{"rendered":"<p>Ingr\u00e9dients : Choucroute 81 % (chou blanc, sel), eau, huile de colza, oignon, farine de bl\u00e9, sucre, sel, poivre noir moulu.<br \/>\nAllerg\u00e8nes :<br \/>\nContient : Bl\u00e9 et c\u00e9r\u00e9ales.<\/p>\n","protected":false},"excerpt":{"rendered":"<p>Ingr\u00e9dients : Choucroute 81 % (chou blanc, sel), eau, huile de colza, oignon, farine de bl\u00e9, sucre, sel, poivre noir moulu. Allerg\u00e8nes : Contient : Bl\u00e9 et c\u00e9r\u00e9ales.<\/p>\n","protected":false},"featured_media":8109,"comment_status":"open","ping_status":"closed","template":"","meta":{"spay_email":"","jetpack_publicize_message":"","jetpack_is_tweetstorm":false},"aioseo_notices":[],"jetpack_publicize_connections":[],"jetpack_likes_enabled":false,"_links":{"self":[{"href":"https:\/\/dom-polski.fr\/index.php\/wp-json\/wp\/v2\/product\/8108"}],"collection":[{"href":"https:\/\/dom-polski.fr\/index.php\/wp-json\/wp\/v2\/product"}],"about":[{"href":"https:\/\/dom-polski.fr\/index.php\/wp-json\/wp\/v2\/types\/product"}],"replies":[{"embeddable":true,"href":"https:\/\/dom-polski.fr\/index.php\/wp-json\/wp\/v2\/comments?post=8108"}],"wp:featuredmedia":[{"embeddable":true,"href":"https:\/\/dom-polski.fr\/index.php\/wp-json\/wp\/v2\/media\/8109"}],"wp:attachment":[{"href":"https:\/\/dom-polski.fr\/index.php\/wp-json\/wp\/v2\/media?parent=8108"}],"curies":[{"name":"wp","href":"https:\/\/api.w.org\/{rel}","templated":true}]}}