{"id":7969,"date":"2021-10-13T11:46:30","date_gmt":"2021-10-13T09:46:30","guid":{"rendered":"https:\/\/dom-polski.fr\/?post_type=product&#038;p=7969"},"modified":"2024-11-24T13:44:16","modified_gmt":"2024-11-24T12:44:16","slug":"conserves-de-porc-280-g-ruseicki","status":"publish","type":"product","link":"https:\/\/dom-polski.fr\/index.php\/product\/conserves-de-porc-280-g-ruseicki\/","title":{"rendered":"Conserves de porc 280 g Ruseicki"},"content":{"rendered":"<p>Ingr\u00e9dients : <span style=\"color: #64686c; text-transform: none; text-indent: 0px; letter-spacing: normal; font-family: 'Helvetica Neue', Helvetica, Arial, sans-serif; font-size: 13px; font-style: normal; font-weight: 400; word-spacing: 0px; float: none; display: inline !important; white-space: normal; orphans: 2; widows: 2; background-color: #ffffff; font-variant-ligatures: normal; font-variant-caps: normal; -webkit-text-stroke-width: 0px; text-decoration-thickness: initial; text-decoration-style: initial; text-decoration-color: initial;\">Viande de porc 80 %, eau, sel, isolat de prot\u00e9ine de soja, \u00e9pices (dont ail moulu 0,37 %, piment rouge moulu 0,07 %), stabilisants : triphosphate, g\u00e9lifiant : carragh\u00e9nane, moutarde, conservateur : nitrite de sodium.<br \/>\nAllerg\u00e8nes :<br \/>\nContient : Soja et moutarde<br \/>\nPeut contenir : Bl\u00e9, seigle, \u0153ufs, c\u00e9leri, c\u00e9r\u00e9ales, lait et graines de s\u00e9same.<br \/>\nPoids : 280 g<br \/>\n<\/span><\/p>\n","protected":false},"excerpt":{"rendered":"<p><span style=\"color: #64686c; font-size: small;\">Saucisse traditionnelle, pr\u00e9par\u00e9e \u00e0 base de porc de haute qualit\u00e9 avec l&rsquo;ajout d&rsquo;\u00e9pices soigneusement s\u00e9lectionn\u00e9es : moutarde, piment, ail et poivre blanc.<\/span><span style=\"color: #64686c; font-size: small;\">\u00a0<\/span><span style=\"color: #64686c; text-transform: none; text-indent: 0px; letter-spacing: normal; font-family: 'Helvetica Neue', Helvetica, Arial, sans-serif; font-size: 12px; font-style: normal; font-weight: 400; word-spacing: 0px; vertical-align: inherit; white-space: normal; orphans: 2; widows: 2; background-color: #ffffff; font-variant-ligatures: normal; font-variant-caps: normal; -webkit-text-stroke-width: 0px; text-decoration-thickness: initial; text-decoration-style: initial; text-decoration-color: initial;\">Le produit, apr\u00e8s avoir \u00e9t\u00e9 retir\u00e9 de l&#8217;emballage, peut \u00eatre coup\u00e9 en tranches jusqu&rsquo;\u00e0 3 mm d&rsquo;\u00e9paisseur.<span style=\"font-size: small;\">\u00a0<\/span><\/span><span style=\"color: #64686c; text-transform: none; text-indent: 0px; letter-spacing: normal; font-family: 'Helvetica Neue', Helvetica, Arial, sans-serif; font-size: 12px; font-style: normal; font-weight: 400; word-spacing: 0px; vertical-align: inherit; white-space: normal; orphans: 2; widows: 2; background-color: #ffffff; font-variant-ligatures: normal; font-variant-caps: normal; -webkit-text-stroke-width: 0px; text-decoration-thickness: initial; text-decoration-style: initial; text-decoration-color: initial;\">Le produit est pr\u00e9par\u00e9 sans glutamate monosodique.<span style=\"font-size: small;\">\u00a0<\/span><\/span><span style=\"color: #64686c; text-transform: none; text-indent: 0px; letter-spacing: normal; font-family: 'Helvetica Neue', Helvetica, Arial, sans-serif; font-size: 12px; font-style: normal; font-weight: 400; word-spacing: 0px; vertical-align: inherit; white-space: normal; orphans: 2; widows: 2; background-color: #ffffff; font-variant-ligatures: normal; font-variant-caps: normal; -webkit-text-stroke-width: 0px; text-decoration-thickness: initial; text-decoration-style: initial; text-decoration-color: initial;\">La saucisse Podwawelska contient 80% de viande de porc.<\/span> <a class=\"more-link\" href=\"https:\/\/dom-polski.fr\/index.php\/product\/conserves-de-porc-280-g-ruseicki\/\">Afficher la suite \u2192<\/a><\/p>\n","protected":false},"featured_media":7970,"comment_status":"open","ping_status":"closed","template":"","meta":{"spay_email":"","jetpack_publicize_message":"","jetpack_is_tweetstorm":false},"aioseo_notices":[],"jetpack_publicize_connections":[],"jetpack_likes_enabled":false,"_links":{"self":[{"href":"https:\/\/dom-polski.fr\/index.php\/wp-json\/wp\/v2\/product\/7969"}],"collection":[{"href":"https:\/\/dom-polski.fr\/index.php\/wp-json\/wp\/v2\/product"}],"about":[{"href":"https:\/\/dom-polski.fr\/index.php\/wp-json\/wp\/v2\/types\/product"}],"replies":[{"embeddable":true,"href":"https:\/\/dom-polski.fr\/index.php\/wp-json\/wp\/v2\/comments?post=7969"}],"wp:featuredmedia":[{"embeddable":true,"href":"https:\/\/dom-polski.fr\/index.php\/wp-json\/wp\/v2\/media\/7970"}],"wp:attachment":[{"href":"https:\/\/dom-polski.fr\/index.php\/wp-json\/wp\/v2\/media?parent=7969"}],"curies":[{"name":"wp","href":"https:\/\/api.w.org\/{rel}","templated":true}]}}