{"id":7967,"date":"2021-10-13T11:36:39","date_gmt":"2021-10-13T09:36:39","guid":{"rendered":"https:\/\/dom-polski.fr\/?post_type=product&#038;p=7967"},"modified":"2026-01-03T14:44:56","modified_gmt":"2026-01-03T13:44:56","slug":"the-aux-herbes-et-fruits-de-chardon-marie","status":"publish","type":"product","link":"https:\/\/dom-polski.fr\/index.php\/product\/the-aux-herbes-et-fruits-de-chardon-marie\/","title":{"rendered":"Th\u00e9 aux herbes et fruits de chardon-Marie"},"content":{"rendered":"<p>Ingr\u00e9dients : Th\u00e9 aux herbes et fruits de chardon-Marie.<br \/>\nAllerg\u00e8nes : pas d&rsquo;allerg\u00e8nes<br \/>\nPoids : 40 g<\/p>\n","protected":false},"excerpt":{"rendered":"<p><span style=\"color: #64686c; font-size: small;\">Le chardon-Marie est b\u00e9n\u00e9fique pour le bon fonctionnement du foie et des voies biliaires.<\/span><span style=\"color: #64686c; font-size: small;\">\u00a0<\/span><span style=\"color: #64686c; text-transform: none; text-indent: 0px; letter-spacing: normal; font-family: 'Helvetica Neue', Helvetica, Arial, sans-serif; font-size: 12px; font-style: normal; font-weight: 400; word-spacing: 0px; vertical-align: inherit; white-space: normal; orphans: 2; widows: 2; background-color: #ffffff; font-variant-ligatures: normal; font-variant-caps: normal; -webkit-text-stroke-width: 0px; text-decoration-thickness: initial; text-decoration-style: initial; text-decoration-color: initial;\">Il aide \u00e0 prot\u00e9ger le foie contre les radicaux libres et les facteurs externes.<span style=\"font-size: small;\">\u00a0<\/span><\/span> <a class=\"more-link\" href=\"https:\/\/dom-polski.fr\/index.php\/product\/the-aux-herbes-et-fruits-de-chardon-marie\/\">Afficher la suite \u2192<\/a><\/p>\n","protected":false},"featured_media":7968,"comment_status":"open","ping_status":"closed","template":"","meta":{"spay_email":"","jetpack_publicize_message":"","jetpack_is_tweetstorm":false},"aioseo_notices":[],"jetpack_publicize_connections":[],"jetpack_likes_enabled":false,"_links":{"self":[{"href":"https:\/\/dom-polski.fr\/index.php\/wp-json\/wp\/v2\/product\/7967"}],"collection":[{"href":"https:\/\/dom-polski.fr\/index.php\/wp-json\/wp\/v2\/product"}],"about":[{"href":"https:\/\/dom-polski.fr\/index.php\/wp-json\/wp\/v2\/types\/product"}],"replies":[{"embeddable":true,"href":"https:\/\/dom-polski.fr\/index.php\/wp-json\/wp\/v2\/comments?post=7967"}],"wp:featuredmedia":[{"embeddable":true,"href":"https:\/\/dom-polski.fr\/index.php\/wp-json\/wp\/v2\/media\/7968"}],"wp:attachment":[{"href":"https:\/\/dom-polski.fr\/index.php\/wp-json\/wp\/v2\/media?parent=7967"}],"curies":[{"name":"wp","href":"https:\/\/api.w.org\/{rel}","templated":true}]}}