{"id":7963,"date":"2021-10-13T11:29:51","date_gmt":"2021-10-13T09:29:51","guid":{"rendered":"https:\/\/dom-polski.fr\/?post_type=product&#038;p=7963"},"modified":"2021-10-13T11:29:51","modified_gmt":"2021-10-13T09:29:51","slug":"the-a-base-de-plantes-20-sachets-30-g-herbapol","status":"publish","type":"product","link":"https:\/\/dom-polski.fr\/index.php\/product\/the-a-base-de-plantes-20-sachets-30-g-herbapol\/","title":{"rendered":"Th\u00e9 \u00e0 base de plantes (20 sachets &#8211; 30 g) Herbapol"},"content":{"rendered":"<p>Ingr\u00e9dients : M<span style=\"color: #64686c;\"><span style=\"background-color: #c9d7f1;\"><span style=\"color: #64686c; text-transform: none; text-indent: 0px; letter-spacing: normal; font-family: 'Helvetica Neue', Helvetica, Arial, sans-serif; font-size: 13px; font-style: normal; font-weight: 400; word-spacing: 0px; float: none; display: inline !important; white-space: normal; orphans: 2; widows: 2; background-color: #c9d7f1; font-variant-ligatures: normal; font-variant-caps: normal; -webkit-text-stroke-width: 0px; text-decoration-thickness: initial; text-decoration-style: initial; text-decoration-color: initial;\">illepertuis<br \/>\nAllerg\u00e8nes : Pas d&rsquo;allerg\u00e8nes.<br \/>\n<\/span>Poids : 30 g<\/span><\/span><\/p>\n","protected":false},"excerpt":{"rendered":"<p><span style=\"color: #64686c; font-size: small;\">Le millepertuis contribue \u00e0 l&rsquo;\u00e9quilibre \u00e9motionnel ainsi qu&rsquo;au bien-\u00eatre mental et physique.<\/span><span style=\"color: #64686c; font-size: small;\">\u00a0<\/span><span style=\"color: #64686c; text-transform: none; text-indent: 0px; letter-spacing: normal; font-family: 'Helvetica Neue', Helvetica, Arial, sans-serif; font-size: 12px; font-style: normal; font-weight: 400; word-spacing: 0px; vertical-align: inherit; white-space: normal; orphans: 2; widows: 2; background-color: #ffffff; font-variant-ligatures: normal; font-variant-caps: normal; -webkit-text-stroke-width: 0px; text-decoration-thickness: initial; text-decoration-style: initial; text-decoration-color: initial;\">Il a un effet positif sur le bon fonctionnement du syst\u00e8me digestif et la fonction r\u00e9nale. <\/span> <a class=\"more-link\" href=\"https:\/\/dom-polski.fr\/index.php\/product\/the-a-base-de-plantes-20-sachets-30-g-herbapol\/\">Afficher la suite \u2192<\/a><\/p>\n","protected":false},"featured_media":7965,"comment_status":"open","ping_status":"closed","template":"","meta":{"spay_email":"","jetpack_publicize_message":"","jetpack_is_tweetstorm":false},"aioseo_notices":[],"jetpack_publicize_connections":[],"jetpack_likes_enabled":false,"_links":{"self":[{"href":"https:\/\/dom-polski.fr\/index.php\/wp-json\/wp\/v2\/product\/7963"}],"collection":[{"href":"https:\/\/dom-polski.fr\/index.php\/wp-json\/wp\/v2\/product"}],"about":[{"href":"https:\/\/dom-polski.fr\/index.php\/wp-json\/wp\/v2\/types\/product"}],"replies":[{"embeddable":true,"href":"https:\/\/dom-polski.fr\/index.php\/wp-json\/wp\/v2\/comments?post=7963"}],"wp:featuredmedia":[{"embeddable":true,"href":"https:\/\/dom-polski.fr\/index.php\/wp-json\/wp\/v2\/media\/7965"}],"wp:attachment":[{"href":"https:\/\/dom-polski.fr\/index.php\/wp-json\/wp\/v2\/media?parent=7963"}],"curies":[{"name":"wp","href":"https:\/\/api.w.org\/{rel}","templated":true}]}}