{"id":7952,"date":"2021-10-13T09:13:15","date_gmt":"2021-10-13T07:13:15","guid":{"rendered":"https:\/\/dom-polski.fr\/?post_type=product&#038;p=7952"},"modified":"2024-06-17T08:54:34","modified_gmt":"2024-06-17T06:54:34","slug":"the-vert-avec-piquant-et-mangue-20-x-170-g-big-active","status":"publish","type":"product","link":"https:\/\/dom-polski.fr\/index.php\/product\/the-vert-avec-piquant-et-mangue-20-x-170-g-big-active\/","title":{"rendered":"Th\u00e9 vert avec piquant et mangue (20 x 1,70 g) Big Active"},"content":{"rendered":"<p>Ingr\u00e9dients :Th\u00e9 vert (84 %), zeste d&rsquo;orange, ar\u00f4mes, feuille de figuier d&rsquo;opuntia (2 %), mangue (2 %), p\u00e9tales de tournesol (2 %).<br \/>\nAllerg\u00e8nes : pas d&rsquo;allerg\u00e8nes<\/p>\n","protected":false},"excerpt":{"rendered":"<p>Ingr\u00e9dients :Th\u00e9 vert (84 %), zeste d&rsquo;orange, ar\u00f4mes, feuille de figuier d&rsquo;opuntia (2 %), mangue (2 %), p\u00e9tales de tournesol (2 %). Allerg\u00e8nes : pas d&rsquo;allerg\u00e8nes<\/p>\n","protected":false},"featured_media":7953,"comment_status":"open","ping_status":"closed","template":"","meta":{"spay_email":"","jetpack_publicize_message":"","jetpack_is_tweetstorm":false},"aioseo_notices":[],"jetpack_publicize_connections":[],"jetpack_likes_enabled":false,"_links":{"self":[{"href":"https:\/\/dom-polski.fr\/index.php\/wp-json\/wp\/v2\/product\/7952"}],"collection":[{"href":"https:\/\/dom-polski.fr\/index.php\/wp-json\/wp\/v2\/product"}],"about":[{"href":"https:\/\/dom-polski.fr\/index.php\/wp-json\/wp\/v2\/types\/product"}],"replies":[{"embeddable":true,"href":"https:\/\/dom-polski.fr\/index.php\/wp-json\/wp\/v2\/comments?post=7952"}],"wp:featuredmedia":[{"embeddable":true,"href":"https:\/\/dom-polski.fr\/index.php\/wp-json\/wp\/v2\/media\/7953"}],"wp:attachment":[{"href":"https:\/\/dom-polski.fr\/index.php\/wp-json\/wp\/v2\/media?parent=7952"}],"curies":[{"name":"wp","href":"https:\/\/api.w.org\/{rel}","templated":true}]}}