{"id":793,"date":"2018-02-09T20:28:12","date_gmt":"2018-02-09T19:28:12","guid":{"rendered":"http:\/\/dom-polski.fr\/?post_type=product&#038;p=793"},"modified":"2023-08-08T17:54:06","modified_gmt":"2023-08-08T15:54:06","slug":"planche-decorative-babouchka-28-cm-5","status":"publish","type":"product","link":"https:\/\/dom-polski.fr\/index.php\/product\/planche-decorative-babouchka-28-cm-5\/","title":{"rendered":"Planche d\u00e9corative babouchka 28 cm"},"content":{"rendered":"<p>Image plastifi\u00e9e laqu\u00e9e coll\u00e9e sur un panneau contreplaqu\u00e9e de 5 mm d\u2019\u00e9paisseur. Cette planche d\u00e9corative sera du plus bel effet dans votre cuisine !<\/p>\n","protected":false},"excerpt":{"rendered":"<p>Mat\u00e9riau : Contreplaqu\u00e9<br \/>\nLargeur : 15,00 cm env.<br \/>\nHauteur : 28,00 cm env. <a class=\"more-link\" href=\"https:\/\/dom-polski.fr\/index.php\/product\/planche-decorative-babouchka-28-cm-5\/\">Afficher la suite \u2192<\/a><\/p>\n","protected":false},"featured_media":794,"comment_status":"open","ping_status":"closed","template":"","meta":{"spay_email":"","jetpack_publicize_message":"","jetpack_is_tweetstorm":false},"aioseo_notices":[],"jetpack_publicize_connections":[],"jetpack_likes_enabled":false,"_links":{"self":[{"href":"https:\/\/dom-polski.fr\/index.php\/wp-json\/wp\/v2\/product\/793"}],"collection":[{"href":"https:\/\/dom-polski.fr\/index.php\/wp-json\/wp\/v2\/product"}],"about":[{"href":"https:\/\/dom-polski.fr\/index.php\/wp-json\/wp\/v2\/types\/product"}],"replies":[{"embeddable":true,"href":"https:\/\/dom-polski.fr\/index.php\/wp-json\/wp\/v2\/comments?post=793"}],"wp:featuredmedia":[{"embeddable":true,"href":"https:\/\/dom-polski.fr\/index.php\/wp-json\/wp\/v2\/media\/794"}],"wp:attachment":[{"href":"https:\/\/dom-polski.fr\/index.php\/wp-json\/wp\/v2\/media?parent=793"}],"curies":[{"name":"wp","href":"https:\/\/api.w.org\/{rel}","templated":true}]}}