{"id":7890,"date":"2021-10-08T11:13:50","date_gmt":"2021-10-08T09:13:50","guid":{"rendered":"https:\/\/dom-polski.fr\/?post_type=product&#038;p=7890"},"modified":"2025-03-19T19:09:28","modified_gmt":"2025-03-19T18:09:28","slug":"pudding-saveur-creme-au-sucre-60-g-winiary","status":"publish","type":"product","link":"https:\/\/dom-polski.fr\/index.php\/product\/pudding-saveur-creme-au-sucre-60-g-winiary\/","title":{"rendered":"Pudding saveur cr\u00e8me au sucre 60 g Winiary"},"content":{"rendered":"<p>Ingr\u00e9dients : <span style=\"color: #64686c; font-size: small;\">Amidon (pomme de terre, ma\u00efs), sucre, ar\u00f4me, colorant (curcumine) produit sans gluten.<\/span><span style=\"color: #64686c; font-size: small;\">\u00a0<\/span><span style=\"color: #64686c; text-transform: none; text-indent: 0px; letter-spacing: normal; font-family: 'Helvetica Neue', Helvetica, Arial, sans-serif; font-size: 13px; font-style: normal; font-weight: 400; word-spacing: 0px; vertical-align: inherit; white-space: normal; orphans: 2; widows: 2; background-color: #ffffff; font-variant-ligatures: normal; font-variant-caps: normal; -webkit-text-stroke-width: 0px; text-decoration-thickness: initial; text-decoration-style: initial; text-decoration-color: initial;\">peut contenir du lait.<\/span><\/p>\n<p>Allerg\u00e8nes : Peut contenir : Lait<\/p>\n","protected":false},"excerpt":{"rendered":"<p>Ingr\u00e9dients : Amidon (pomme de terre, ma\u00efs), sucre, ar\u00f4me, colorant (curcumine) produit sans gluten.\u00a0peut contenir du lait. Allerg\u00e8nes : Peut contenir : Lait<\/p>\n","protected":false},"featured_media":7891,"comment_status":"open","ping_status":"closed","template":"","meta":{"spay_email":"","jetpack_publicize_message":"","jetpack_is_tweetstorm":false},"aioseo_notices":[],"jetpack_publicize_connections":[],"jetpack_likes_enabled":false,"_links":{"self":[{"href":"https:\/\/dom-polski.fr\/index.php\/wp-json\/wp\/v2\/product\/7890"}],"collection":[{"href":"https:\/\/dom-polski.fr\/index.php\/wp-json\/wp\/v2\/product"}],"about":[{"href":"https:\/\/dom-polski.fr\/index.php\/wp-json\/wp\/v2\/types\/product"}],"replies":[{"embeddable":true,"href":"https:\/\/dom-polski.fr\/index.php\/wp-json\/wp\/v2\/comments?post=7890"}],"wp:featuredmedia":[{"embeddable":true,"href":"https:\/\/dom-polski.fr\/index.php\/wp-json\/wp\/v2\/media\/7891"}],"wp:attachment":[{"href":"https:\/\/dom-polski.fr\/index.php\/wp-json\/wp\/v2\/media?parent=7890"}],"curies":[{"name":"wp","href":"https:\/\/api.w.org\/{rel}","templated":true}]}}