{"id":7876,"date":"2021-10-06T16:48:17","date_gmt":"2021-10-06T14:48:17","guid":{"rendered":"https:\/\/dom-polski.fr\/?post_type=product&#038;p=7876"},"modified":"2021-10-06T16:48:43","modified_gmt":"2021-10-06T14:48:43","slug":"babouchka-004","status":"publish","type":"product","link":"https:\/\/dom-polski.fr\/index.php\/product\/babouchka-004\/","title":{"rendered":"Babouchka 004"},"content":{"rendered":"<p>Hauteur de la plus grande pi\u00e8ce : 18,00 cm<br \/>\nHauteur de la plus petite pi\u00e8ce : 2,50 cm<br \/>\nNombre de pi\u00e8ces : 5<br \/>\nMati\u00e8re : Bois<br \/>\nPeint et vernie \u00e0 la main<\/p>\n","protected":false},"excerpt":{"rendered":"<p>Hauteur de la plus grande pi\u00e8ce : 18,00 cm Hauteur de la plus petite pi\u00e8ce : 2,50 cm Nombre de pi\u00e8ces : 5 Mati\u00e8re : Bois Peint et vernie \u00e0 <a class=\"more-link\" href=\"https:\/\/dom-polski.fr\/index.php\/product\/babouchka-004\/\">Afficher la suite \u2192<\/a><\/p>\n","protected":false},"featured_media":7869,"comment_status":"open","ping_status":"closed","template":"","meta":{"spay_email":"","jetpack_publicize_message":"","jetpack_is_tweetstorm":false},"aioseo_notices":[],"jetpack_publicize_connections":[],"jetpack_likes_enabled":false,"_links":{"self":[{"href":"https:\/\/dom-polski.fr\/index.php\/wp-json\/wp\/v2\/product\/7876"}],"collection":[{"href":"https:\/\/dom-polski.fr\/index.php\/wp-json\/wp\/v2\/product"}],"about":[{"href":"https:\/\/dom-polski.fr\/index.php\/wp-json\/wp\/v2\/types\/product"}],"replies":[{"embeddable":true,"href":"https:\/\/dom-polski.fr\/index.php\/wp-json\/wp\/v2\/comments?post=7876"}],"wp:featuredmedia":[{"embeddable":true,"href":"https:\/\/dom-polski.fr\/index.php\/wp-json\/wp\/v2\/media\/7869"}],"wp:attachment":[{"href":"https:\/\/dom-polski.fr\/index.php\/wp-json\/wp\/v2\/media?parent=7876"}],"curies":[{"name":"wp","href":"https:\/\/api.w.org\/{rel}","templated":true}]}}